{"id":9656,"date":"2025-08-27T12:52:03","date_gmt":"2025-08-27T10:52:03","guid":{"rendered":"https:\/\/www.jorgearribas.com\/aviso-legal\/"},"modified":"2025-12-03T13:24:27","modified_gmt":"2025-12-03T12:24:27","slug":"aviso-legal","status":"publish","type":"page","link":"https:\/\/www.jorgearribas.com\/en\/aviso-legal\/","title":{"rendered":"Aviso legal"},"content":{"rendered":"[vc_section ct_section_stretch=&#8221;stretch_section_content_no_spaces&#8221; ct_bg_image=&#8221;9265&#8243; ct_bg_repeat=&#8221;no-repeat&#8221; ct_bg_size=&#8221;cover&#8221; ct_bg_position=&#8221;center center&#8221;][vc_row ct_row_stretch=&#8221;&#8221;][vc_column]<div class=\"ult-spacer spacer-69d3f52874616\" data-id=\"69d3f52874616\" data-height=\"150\" data-height-mobile=\"150\" data-height-tab=\"150\" data-height-tab-portrait=\"\" data-height-mobile-landscape=\"\" style=\"clear:both;display:block;\"><\/div>[\/vc_column][\/vc_row][vc_row ct_row_stretch=&#8221;&#8221;][vc_column width=&#8221;1\/4&#8243;][\/vc_column][vc_column width=&#8221;1\/2&#8243;][vc_custom_heading text=&#8221;LEGAL NOTICE&#8221; font_container=&#8221;tag:h1|font_size:48|text_align:center|color:%23ffffff&#8221; google_fonts=&#8221;font_family:Lato%3A100%2C100italic%2C300%2C300italic%2Cregular%2Citalic%2C700%2C700italic%2C900%2C900italic|font_style:100%20light%20regular%3A100%3Anormal&#8221;][\/vc_column][vc_column width=&#8221;1\/4&#8243;][\/vc_column][\/vc_row][vc_row ct_row_stretch=&#8221;&#8221; bg_type=&#8221;bg_color&#8221;][vc_column]<div class=\"ult-spacer spacer-69d3f52874671\" data-id=\"69d3f52874671\" data-height=\"150\" data-height-mobile=\"150\" data-height-tab=\"150\" data-height-tab-portrait=\"\" data-height-mobile-landscape=\"\" style=\"clear:both;display:block;\"><\/div>[\/vc_column][\/vc_row][vc_row ct_row_stretch=&#8221;&#8221; ct_bg_color=&#8221;rgba(59,54,113,0.7)&#8221;][vc_column width=&#8221;1\/6&#8243;][\/vc_column][vc_column width=&#8221;2\/3&#8243;]<div class=\"ult-spacer spacer-69d3f528746b1\" data-id=\"69d3f528746b1\" data-height=\"150\" data-height-mobile=\"150\" data-height-tab=\"150\" data-height-tab-portrait=\"\" data-height-mobile-landscape=\"\" style=\"clear:both;display:block;\"><\/div>[vc_column_text]<span style=\"color: #ffffff;\">En cumplimiento del art\u00edculo 10 de la Ley 34\/2002, de 11 de julio, de Servicios de la Sociedad de la Informaci\u00f3n y Comercio Electr\u00f3nico (LSSICE) a continuaci\u00f3n se detallan los datos identificativos de la empresa:<\/span><\/p>\n<p><span style=\"color: #ffffff;\">DATOS IDENTIFICATIVOS<\/span><\/p>\n<p><span style=\"color: #ffffff;\">Nombre empresa: JORGE ARRIBAS<\/span><br \/>\n<span style=\"color: #ffffff;\">Raz\u00f3n social: JORGE ARRIBAS<\/span><\/p>\n<p><span style=\"color: #ffffff;\">NIF: XXXXXX<\/span><br \/>\n<span style=\"color: #ffffff;\">Direcci\u00f3n: XXXXXXXXXXX<\/span><br \/>\n<span style=\"color: #ffffff;\">Tel\u00e9fono: XXXXXXX<\/span><br \/>\n<span style=\"color: #ffffff;\">Email: XXXXXXXXXXXX<\/span><br \/>\n<span style=\"color: #ffffff;\">Dominio: XXXXXXXXXXXXXX<\/span><\/p>\n<p><span style=\"color: #ffffff;\">CONTENIDOS DE LA P\u00c1GINA WEB<\/span><\/p>\n<p><span style=\"color: #ffffff;\">El presente aviso legal regula el uso del sitio web: www.jorgearribas.com.<\/span><\/p>\n<p><span style=\"color: #ffffff;\">La web de JORGE ARRIBAS est\u00e1 compuesta por textos e im\u00e1genes que pretenden informar a sus usuarios y clientes. Cualquier error u omisi\u00f3n en el contenido generado no har\u00e1 responsable en ning\u00fan caso a JORGE ARRIBAS<\/span><\/p>\n<p><span style=\"color: #ffffff;\">LEGISLACI\u00d3N<\/span><\/p>\n<p><span style=\"color: #ffffff;\">Nuestros textos legales se rigen por la ley espa\u00f1ola. Estos textos permanecer\u00e1n accesibles para los usuarios en todo momento desde nuestra p\u00e1gina web.<\/span><\/p>\n<p><span style=\"color: #ffffff;\">Si las partes no acordasen someterse a mediaci\u00f3n o arbitraje previamente, en el presente aviso legal se establece el acuerdo de someterse a los Juzgados y Tribunales de Lugo, renunciando expresamente a cualquier otra jurisdicci\u00f3n.<\/span><\/p>\n<p><span style=\"color: #ffffff;\">PROPIEDAD INTELECTUAL E INDUSTRIAL<\/span><\/p>\n<p><span style=\"color: #ffffff;\">Los derechos de propiedad intelectual del contenido de la p\u00e1ginas web, su dise\u00f1o gr\u00e1fico y c\u00f3digos son titularidad de JORGE ARRIBAS y, por tanto, queda prohibida su reproducci\u00f3n, distribuci\u00f3n, comunicaci\u00f3n p\u00fablica, transformaci\u00f3n o cualquier otra actividad que se pueda realizar con los contenidos de sus p\u00e1ginas web ni aun citando las fuentes, salvo consentimiento por escrito de JORGE ARRIBAS<\/span><\/p>\n<p><span style=\"color: #ffffff;\">CONTENIDO DE LA WEB Y ENLACES (LINKS)<\/span><\/p>\n<p><span style=\"color: #ffffff;\">JORGE ARRIBAS se reserva el derecho a actualizar, modificar o eliminar la informaci\u00f3n contenida en su p\u00e1gina web, pudiendo incluso limitar o no permitir el acceso a dicha informaci\u00f3n a ciertos usuarios.<\/span><\/p>\n<p><span style=\"color: #ffffff;\">JORGE ARRIBAS no asume responsabilidad alguna por la informaci\u00f3n contenida en p\u00e1ginas web de terceros a las que se pueda acceder por \u00ablinks\u00bb o enlaces desde cualquier p\u00e1gina web propiedad de JORGE ARRIBAS La presencia de \u00ablinks\u00bb o enlaces en las p\u00e1ginas web de JORGE ARRIBAS tiene finalidad meramente informativa y en ning\u00fan caso supone sugerencia, invitaci\u00f3n o recomendaci\u00f3n sobre los mismos.<\/span>[\/vc_column_text]<div class=\"ult-spacer spacer-69d3f528746e7\" data-id=\"69d3f528746e7\" data-height=\"150\" data-height-mobile=\"150\" data-height-tab=\"150\" data-height-tab-portrait=\"\" data-height-mobile-landscape=\"\" style=\"clear:both;display:block;\"><\/div>[\/vc_column][vc_column width=&#8221;1\/6&#8243;][\/vc_column][\/vc_row][\/vc_section]\n","protected":false},"excerpt":{"rendered":"<p>[vc_section ct_section_stretch=&#8221;stretch_section_content_no_spaces&#8221; ct_bg_image=&#8221;9265&#8243; ct_bg_repeat=&#8221;no-repeat&#8221; ct_bg_size=&#8221;cover&#8221; ct_bg_position=&#8221;center center&#8221;][vc_row ct_row_stretch=&#8221;&#8221;][vc_column][\/vc_column][\/vc_row][vc_row ct_row_stretch=&#8221;&#8221;][vc_column width=&#8221;1\/4&#8243;][\/vc_column][vc_column width=&#8221;1\/2&#8243;][vc_custom_heading text=&#8221;LEGAL NOTICE&#8221; font_container=&#8221;tag:h1|font_size:48|text_align:center|color:%23ffffff&#8221; google_fonts=&#8221;font_family:Lato%3A100%2C100italic%2C300%2C300italic%2Cregular%2Citalic%2C700%2C700italic%2C900%2C900italic|font_style:100%20light%20regular%3A100%3Anormal&#8221;][\/vc_column][vc_column width=&#8221;1\/4&#8243;][\/vc_column][\/vc_row][vc_row ct_row_stretch=&#8221;&#8221; bg_type=&#8221;bg_color&#8221;][vc_column][\/vc_column][\/vc_row][vc_row ct_row_stretch=&#8221;&#8221; ct_bg_color=&#8221;rgba(59,54,113,0.7)&#8221;][vc_column width=&#8221;1\/6&#8243;][\/vc_column][vc_column width=&#8221;2\/3&#8243;][vc_column_text]En cumplimiento del art\u00edculo 10 de la Ley 34\/2002, &#8230;<\/p>\n","protected":false},"author":1,"featured_media":0,"parent":0,"menu_order":0,"comment_status":"closed","ping_status":"closed","template":"","meta":{"footnotes":""},"class_list":["post-9656","page","type-page","status-publish","hentry"],"yoast_head":"<!-- This site is optimized with the Yoast SEO plugin v26.0 - https:\/\/yoast.com\/wordpress\/plugins\/seo\/ -->\n<title>Aviso legal - Jorge Arribas<\/title>\n<meta name=\"robots\" content=\"index, follow, max-snippet:-1, max-image-preview:large, max-video-preview:-1\" \/>\n<link rel=\"canonical\" href=\"https:\/\/www.jorgearribas.com\/en\/aviso-legal\/\" \/>\n<meta property=\"og:locale\" content=\"en_US\" \/>\n<meta property=\"og:type\" content=\"article\" \/>\n<meta property=\"og:title\" content=\"Aviso legal - Jorge Arribas\" \/>\n<meta property=\"og:description\" content=\"[vc_section ct_section_stretch=&#8221;stretch_section_content_no_spaces&#8221; ct_bg_image=&#8221;9265&#8243; ct_bg_repeat=&#8221;no-repeat&#8221; ct_bg_size=&#8221;cover&#8221; ct_bg_position=&#8221;center center&#8221;][vc_row ct_row_stretch=&#8221;&#8221;][vc_column][\/vc_column][\/vc_row][vc_row ct_row_stretch=&#8221;&#8221;][vc_column width=&#8221;1\/4&#8243;][\/vc_column][vc_column width=&#8221;1\/2&#8243;][vc_custom_heading text=&#8221;LEGAL NOTICE&#8221; font_container=&#8221;tag:h1|font_size:48|text_align:center|color:%23ffffff&#8221; google_fonts=&#8221;font_family:Lato%3A100%2C100italic%2C300%2C300italic%2Cregular%2Citalic%2C700%2C700italic%2C900%2C900italic|font_style:100%20light%20regular%3A100%3Anormal&#8221;][\/vc_column][vc_column width=&#8221;1\/4&#8243;][\/vc_column][\/vc_row][vc_row ct_row_stretch=&#8221;&#8221; bg_type=&#8221;bg_color&#8221;][vc_column][\/vc_column][\/vc_row][vc_row ct_row_stretch=&#8221;&#8221; ct_bg_color=&#8221;rgba(59,54,113,0.7)&#8221;][vc_column width=&#8221;1\/6&#8243;][\/vc_column][vc_column width=&#8221;2\/3&#8243;][vc_column_text]En cumplimiento del art\u00edculo 10 de la Ley 34\/2002, ...\" \/>\n<meta property=\"og:url\" content=\"https:\/\/www.jorgearribas.com\/en\/aviso-legal\/\" \/>\n<meta property=\"og:site_name\" content=\"Jorge Arribas\" \/>\n<meta property=\"article:modified_time\" content=\"2025-12-03T12:24:27+00:00\" \/>\n<meta name=\"twitter:card\" content=\"summary_large_image\" \/>\n<meta name=\"twitter:label1\" content=\"Est. reading time\" \/>\n\t<meta name=\"twitter:data1\" content=\"2 minutes\" \/>\n<script type=\"application\/ld+json\" class=\"yoast-schema-graph\">{\"@context\":\"https:\/\/schema.org\",\"@graph\":[{\"@type\":\"WebPage\",\"@id\":\"https:\/\/www.jorgearribas.com\/en\/aviso-legal\/\",\"url\":\"https:\/\/www.jorgearribas.com\/en\/aviso-legal\/\",\"name\":\"Aviso legal - Jorge Arribas\",\"isPartOf\":{\"@id\":\"https:\/\/www.jorgearribas.com\/#website\"},\"datePublished\":\"2025-08-27T10:52:03+00:00\",\"dateModified\":\"2025-12-03T12:24:27+00:00\",\"breadcrumb\":{\"@id\":\"https:\/\/www.jorgearribas.com\/en\/aviso-legal\/#breadcrumb\"},\"inLanguage\":\"en-US\",\"potentialAction\":[{\"@type\":\"ReadAction\",\"target\":[\"https:\/\/www.jorgearribas.com\/en\/aviso-legal\/\"]}]},{\"@type\":\"BreadcrumbList\",\"@id\":\"https:\/\/www.jorgearribas.com\/en\/aviso-legal\/#breadcrumb\",\"itemListElement\":[{\"@type\":\"ListItem\",\"position\":1,\"name\":\"Portada\",\"item\":\"https:\/\/www.jorgearribas.com\/en\/\"},{\"@type\":\"ListItem\",\"position\":2,\"name\":\"Aviso legal\"}]},{\"@type\":\"WebSite\",\"@id\":\"https:\/\/www.jorgearribas.com\/#website\",\"url\":\"https:\/\/www.jorgearribas.com\/\",\"name\":\"Jorge Arribas\",\"description\":\"\",\"publisher\":{\"@id\":\"https:\/\/www.jorgearribas.com\/#\/schema\/person\/8d26566f584217c3cbf9d8b5f972ca04\"},\"potentialAction\":[{\"@type\":\"SearchAction\",\"target\":{\"@type\":\"EntryPoint\",\"urlTemplate\":\"https:\/\/www.jorgearribas.com\/?s={search_term_string}\"},\"query-input\":{\"@type\":\"PropertyValueSpecification\",\"valueRequired\":true,\"valueName\":\"search_term_string\"}}],\"inLanguage\":\"en-US\"},{\"@type\":[\"Person\",\"Organization\"],\"@id\":\"https:\/\/www.jorgearribas.com\/#\/schema\/person\/8d26566f584217c3cbf9d8b5f972ca04\",\"name\":\"Jorge Arribas\",\"image\":{\"@type\":\"ImageObject\",\"inLanguage\":\"en-US\",\"@id\":\"https:\/\/www.jorgearribas.com\/#\/schema\/person\/image\/\",\"url\":\"https:\/\/www.jorgearribas.com\/wp-content\/uploads\/2025\/08\/logo.png\",\"contentUrl\":\"https:\/\/www.jorgearribas.com\/wp-content\/uploads\/2025\/08\/logo.png\",\"width\":1330,\"height\":658,\"caption\":\"Jorge Arribas\"},\"logo\":{\"@id\":\"https:\/\/www.jorgearribas.com\/#\/schema\/person\/image\/\"}}]}<\/script>\n<!-- \/ Yoast SEO plugin. -->","yoast_head_json":{"title":"Aviso legal - Jorge Arribas","robots":{"index":"index","follow":"follow","max-snippet":"max-snippet:-1","max-image-preview":"max-image-preview:large","max-video-preview":"max-video-preview:-1"},"canonical":"https:\/\/www.jorgearribas.com\/en\/aviso-legal\/","og_locale":"en_US","og_type":"article","og_title":"Aviso legal - Jorge Arribas","og_description":"[vc_section ct_section_stretch=&#8221;stretch_section_content_no_spaces&#8221; ct_bg_image=&#8221;9265&#8243; ct_bg_repeat=&#8221;no-repeat&#8221; ct_bg_size=&#8221;cover&#8221; ct_bg_position=&#8221;center center&#8221;][vc_row ct_row_stretch=&#8221;&#8221;][vc_column][\/vc_column][\/vc_row][vc_row ct_row_stretch=&#8221;&#8221;][vc_column width=&#8221;1\/4&#8243;][\/vc_column][vc_column width=&#8221;1\/2&#8243;][vc_custom_heading text=&#8221;LEGAL NOTICE&#8221; font_container=&#8221;tag:h1|font_size:48|text_align:center|color:%23ffffff&#8221; google_fonts=&#8221;font_family:Lato%3A100%2C100italic%2C300%2C300italic%2Cregular%2Citalic%2C700%2C700italic%2C900%2C900italic|font_style:100%20light%20regular%3A100%3Anormal&#8221;][\/vc_column][vc_column width=&#8221;1\/4&#8243;][\/vc_column][\/vc_row][vc_row ct_row_stretch=&#8221;&#8221; bg_type=&#8221;bg_color&#8221;][vc_column][\/vc_column][\/vc_row][vc_row ct_row_stretch=&#8221;&#8221; ct_bg_color=&#8221;rgba(59,54,113,0.7)&#8221;][vc_column width=&#8221;1\/6&#8243;][\/vc_column][vc_column width=&#8221;2\/3&#8243;][vc_column_text]En cumplimiento del art\u00edculo 10 de la Ley 34\/2002, ...","og_url":"https:\/\/www.jorgearribas.com\/en\/aviso-legal\/","og_site_name":"Jorge Arribas","article_modified_time":"2025-12-03T12:24:27+00:00","twitter_card":"summary_large_image","twitter_misc":{"Est. reading time":"2 minutes"},"schema":{"@context":"https:\/\/schema.org","@graph":[{"@type":"WebPage","@id":"https:\/\/www.jorgearribas.com\/en\/aviso-legal\/","url":"https:\/\/www.jorgearribas.com\/en\/aviso-legal\/","name":"Aviso legal - Jorge Arribas","isPartOf":{"@id":"https:\/\/www.jorgearribas.com\/#website"},"datePublished":"2025-08-27T10:52:03+00:00","dateModified":"2025-12-03T12:24:27+00:00","breadcrumb":{"@id":"https:\/\/www.jorgearribas.com\/en\/aviso-legal\/#breadcrumb"},"inLanguage":"en-US","potentialAction":[{"@type":"ReadAction","target":["https:\/\/www.jorgearribas.com\/en\/aviso-legal\/"]}]},{"@type":"BreadcrumbList","@id":"https:\/\/www.jorgearribas.com\/en\/aviso-legal\/#breadcrumb","itemListElement":[{"@type":"ListItem","position":1,"name":"Portada","item":"https:\/\/www.jorgearribas.com\/en\/"},{"@type":"ListItem","position":2,"name":"Aviso legal"}]},{"@type":"WebSite","@id":"https:\/\/www.jorgearribas.com\/#website","url":"https:\/\/www.jorgearribas.com\/","name":"Jorge Arribas","description":"","publisher":{"@id":"https:\/\/www.jorgearribas.com\/#\/schema\/person\/8d26566f584217c3cbf9d8b5f972ca04"},"potentialAction":[{"@type":"SearchAction","target":{"@type":"EntryPoint","urlTemplate":"https:\/\/www.jorgearribas.com\/?s={search_term_string}"},"query-input":{"@type":"PropertyValueSpecification","valueRequired":true,"valueName":"search_term_string"}}],"inLanguage":"en-US"},{"@type":["Person","Organization"],"@id":"https:\/\/www.jorgearribas.com\/#\/schema\/person\/8d26566f584217c3cbf9d8b5f972ca04","name":"Jorge Arribas","image":{"@type":"ImageObject","inLanguage":"en-US","@id":"https:\/\/www.jorgearribas.com\/#\/schema\/person\/image\/","url":"https:\/\/www.jorgearribas.com\/wp-content\/uploads\/2025\/08\/logo.png","contentUrl":"https:\/\/www.jorgearribas.com\/wp-content\/uploads\/2025\/08\/logo.png","width":1330,"height":658,"caption":"Jorge Arribas"},"logo":{"@id":"https:\/\/www.jorgearribas.com\/#\/schema\/person\/image\/"}}]}},"_links":{"self":[{"href":"https:\/\/www.jorgearribas.com\/en\/wp-json\/wp\/v2\/pages\/9656","targetHints":{"allow":["GET"]}}],"collection":[{"href":"https:\/\/www.jorgearribas.com\/en\/wp-json\/wp\/v2\/pages"}],"about":[{"href":"https:\/\/www.jorgearribas.com\/en\/wp-json\/wp\/v2\/types\/page"}],"author":[{"embeddable":true,"href":"https:\/\/www.jorgearribas.com\/en\/wp-json\/wp\/v2\/users\/1"}],"replies":[{"embeddable":true,"href":"https:\/\/www.jorgearribas.com\/en\/wp-json\/wp\/v2\/comments?post=9656"}],"version-history":[{"count":3,"href":"https:\/\/www.jorgearribas.com\/en\/wp-json\/wp\/v2\/pages\/9656\/revisions"}],"predecessor-version":[{"id":10085,"href":"https:\/\/www.jorgearribas.com\/en\/wp-json\/wp\/v2\/pages\/9656\/revisions\/10085"}],"wp:attachment":[{"href":"https:\/\/www.jorgearribas.com\/en\/wp-json\/wp\/v2\/media?parent=9656"}],"curies":[{"name":"wp","href":"https:\/\/api.w.org\/{rel}","templated":true}]}}