{"id":9658,"date":"2025-08-25T09:51:03","date_gmt":"2025-08-25T07:51:03","guid":{"rendered":"https:\/\/www.jorgearribas.com\/biografia\/"},"modified":"2025-12-03T13:26:14","modified_gmt":"2025-12-03T12:26:14","slug":"biografia","status":"publish","type":"page","link":"https:\/\/www.jorgearribas.com\/en\/biografia\/","title":{"rendered":"Biograf\u00eda"},"content":{"rendered":"[vc_section ct_section_stretch=&#8221;stretch_section_content_no_spaces&#8221; ct_bg_image=&#8221;9198&#8243; ct_bg_repeat=&#8221;no-repeat&#8221; ct_bg_size=&#8221;cover&#8221; ct_bg_position=&#8221;center center&#8221;][vc_row ct_row_stretch=&#8221;&#8221;][vc_column]<div class=\"ult-spacer spacer-69d3db51e34a3\" data-id=\"69d3db51e34a3\" data-height=\"150\" data-height-mobile=\"150\" data-height-tab=\"150\" data-height-tab-portrait=\"\" data-height-mobile-landscape=\"\" style=\"clear:both;display:block;\"><\/div>[\/vc_column][\/vc_row][vc_row ct_row_stretch=&#8221;&#8221;][vc_column width=&#8221;1\/4&#8243;][\/vc_column][vc_column width=&#8221;1\/2&#8243;][vc_custom_heading text=&#8221;BIOGRAPHY&#8221; font_container=&#8221;tag:h1|font_size:48|text_align:center|color:%23ffffff&#8221; google_fonts=&#8221;font_family:Lato%3A100%2C100italic%2C300%2C300italic%2Cregular%2Citalic%2C700%2C700italic%2C900%2C900italic|font_style:100%20light%20regular%3A100%3Anormal&#8221;][\/vc_column][vc_column width=&#8221;1\/4&#8243;][\/vc_column][\/vc_row][vc_row ct_row_stretch=&#8221;&#8221;][vc_column]<div class=\"ult-spacer spacer-69d3db51e34ff\" data-id=\"69d3db51e34ff\" data-height=\"150\" data-height-mobile=\"150\" data-height-tab=\"150\" data-height-tab-portrait=\"\" data-height-mobile-landscape=\"\" style=\"clear:both;display:block;\"><\/div>[\/vc_column][\/vc_row][vc_row ct_row_stretch=&#8221;stretch_row&#8221; equal_height=&#8221;yes&#8221; css=&#8221;.vc_custom_1756721318282{margin-right: 0px !important;margin-left: 0px !important;}&#8221;][vc_column width=&#8221;1\/2&#8243;][vc_single_image image=&#8221;9660&#8243; img_size=&#8221;full&#8221;][\/vc_column][vc_column width=&#8221;1\/2&#8243; css=&#8221;.vc_custom_1756109321350{background-color: rgba(59,54,113,0.71) !important;*background-color: rgb(59,54,113) !important;}&#8221;]<div class=\"ult-spacer spacer-69d3db51e3542\" data-id=\"69d3db51e3542\" data-height=\"50\" data-height-mobile=\"50\" data-height-tab=\"50\" data-height-tab-portrait=\"\" data-height-mobile-landscape=\"\" style=\"clear:both;display:block;\"><\/div>[vc_row_inner][vc_column_inner width=&#8221;1\/6&#8243;][\/vc_column_inner][vc_column_inner width=&#8221;2\/3&#8243; css=&#8221;.vc_custom_1756721373938{padding-right: 30px !important;padding-left: 30px !important;}&#8221;][vc_column_text]<span style=\"color: #ffffff; font-size: 14px;\">Jorge Arribas was born in Aranda de Duero, Burgos (Spain) in 1979. When he was twelve, he started studying accordion and transverse flute in Valladolid, and since the very beginning he has successfully combined academic training with his participation in traditional bands, folk music bands and chamber ensembles.<\/span><\/p>\n<p><span style=\"color: #ffffff; font-size: 14px;\">He obtained his professional degree on transverse flute and accordion in 2001, when he also finished his university studies on Social Work. He then decided to move to Madrid and to undertake higher studies on music, specializing in accordion. This new phase did not prevent him from keeping up with his various projects that took him on tour all across Spain and part of Europe (Portugal, Slovenia, Switzerland, Germany\u2026)<\/span><\/p>\n<p><span style=\"color: #ffffff; font-size: 14px;\">After obtaining his higher education degree, he returned to Valladolid from where he combines tours with bands such as Celtas Cortos with his own projects, recordings and collaborations with musicians with diverse backgrounds: Mar\u00eda Salgado, Javier Paxari\u00f1o, Manuel Luna and Rao Tr\u00edo, among others.<\/span><\/p>\n<p><span style=\"color: #ffffff; font-size: 14px;\">In 2005 he became part of La Musga\u00f1a, this was a turning point that bestowed him a different approach to traditional music. He plunged into a learning experience that ultimately led him to share Castilian music and convey it to USA, Canada, France, Algeria, Russia, Morocco and Spain.<\/span><\/p>\n<p><span style=\"color: #ffffff; font-size: 14px;\">Taper Duel is born out of these trips, out of his continuous learning, the search of new colours and his deep knowledge of tradition. This proposal was created together with Cesar D\u00edez and, taking original music compositions as starting point, it recreates traditional music through an open language that combines the bass guitar and accordion\u2019s multiple pitches and sounds.<\/span><\/p>\n<p><span style=\"color: #ffffff; font-size: 14px;\">Thus, Jorge Arribas managed to bring academic and professional training together with his creativity and enthusiasm for continuous learning, the search for new sounds.<\/span><\/p>\n<p><span style=\"color: #ffffff; font-size: 14px;\">In 2011, he goes a step further and creates a new project together with Diego Galaz: Fet\u00e9n Fet\u00e9n. They make their own compositions based on popular music with a very close language that manages to convey to the audience those dances celebrated in Europe in the early 20th century, spiced up with a contemporary and fresh touch.<\/span>[\/vc_column_text]<div class=\"ult-spacer spacer-69d3db51e357b\" data-id=\"69d3db51e357b\" data-height=\"25\" data-height-mobile=\"25\" data-height-tab=\"25\" data-height-tab-portrait=\"\" data-height-mobile-landscape=\"\" style=\"clear:both;display:block;\"><\/div>[\/vc_column_inner][vc_column_inner width=&#8221;1\/6&#8243;][\/vc_column_inner][\/vc_row_inner][vc_row_inner css=&#8221;.vc_custom_1756118925328{margin-right: 0px !important;margin-left: 0px !important;background-color: #8f89c1 !important;}&#8221;][vc_column_inner width=&#8221;1\/6&#8243;][\/vc_column_inner][vc_column_inner width=&#8221;2\/3&#8243; css=&#8221;.vc_custom_1760002399475{padding-right: 30px !important;padding-left: 30px !important;}&#8221;]<div class=\"ult-spacer spacer-69d3db51e35b0\" data-id=\"69d3db51e35b0\" data-height=\"25\" data-height-mobile=\"25\" data-height-tab=\"25\" data-height-tab-portrait=\"\" data-height-mobile-landscape=\"\" style=\"clear:both;display:block;\"><\/div>[vc_column_text css=&#8221;.vc_custom_1757316545833{background-color: #8f89c1 !important;}&#8221;]<span style=\"color: #ffffff; font-size: 14px;\">In 2016 Jorge makes the ethno jazz project &#8220;Primitive Grooves&#8221; with C\u00e9sar D\u00edez and Adal Pumarab\u00edn and a new solo spectacle &#8220;el Barco de Mart\u00edn&#8221; on 2017.<\/span><\/p>\n<p><span style=\"color: #ffffff; font-size: 14px;\">Jorge now combines his own bands with studio collaborations, as musician or composer for theatre plays and documentals, and with artists from different genres (Nacho Mastretta, David Herrington, Zoobazar, Korrontzi, Celtas Cortos, Rozal\u00e9n&#8230;) solo concerts, didactic concerts for schools and family audience (El Barco de Mart\u00edn) and music therapy for special education centers.<\/span>[\/vc_column_text]<div class=\"ult-spacer spacer-69d3db51e35e4\" data-id=\"69d3db51e35e4\" data-height=\"25\" data-height-mobile=\"25\" data-height-tab=\"25\" data-height-tab-portrait=\"\" data-height-mobile-landscape=\"\" style=\"clear:both;display:block;\"><\/div>[vc_single_image image=&#8221;9661&#8243; img_size=&#8221;full&#8221;]<div class=\"ult-spacer spacer-69d3db51e3615\" data-id=\"69d3db51e3615\" data-height=\"25\" data-height-mobile=\"25\" data-height-tab=\"25\" data-height-tab-portrait=\"\" data-height-mobile-landscape=\"\" style=\"clear:both;display:block;\"><\/div><div class=\" ubtn-ctn-left \"><button type=\"button\" id=\"ubtn-9132\"  class=\"ubtn ult-adjust-bottom-margin ult-responsive ubtn-custom ubtn-no-hover-bg  none  ubtn-sep-icon ubtn-sep-icon-at-left  ubtn-left   tooltip-69d3db51e3658\"  data-hover=\"\" data-border-color=\"\" data-bg=\"#3d3873\" data-hover-bg=\"\" data-border-hover=\"\" data-shadow-hover=\"\" data-shadow-click=\"none\" data-shadow=\"\" data-shd-shadow=\"\"  data-ultimate-target='#ubtn-9132'  data-responsive-json-new='{\"font-size\":\"\",\"line-height\":\"\"}'  style=\"font-weight:normal;width:200px;min-height:22px;padding:5px 5px;border:none;background: #3d3873;color: #ffffff;\"><span class=\"ubtn-data ubtn-icon\"><i class=\"Defaults-file-pdf-o\" style=\"font-size:12px;color:#ffffff;\"><\/i><\/span><span class=\"ubtn-hover\" style=\"background-color:\"><\/span><span class=\"ubtn-data ubtn-text \" >CURRICULUM (PDF)<\/span><\/button><\/div>[\/vc_column_inner][vc_column_inner width=&#8221;1\/6&#8243;][\/vc_column_inner][\/vc_row_inner][\/vc_column][\/vc_row][vc_row ct_row_stretch=&#8221;&#8221;][vc_column]<div class=\"ult-spacer spacer-69d3db51e36ec\" data-id=\"69d3db51e36ec\" data-height=\"150\" data-height-mobile=\"150\" data-height-tab=\"150\" data-height-tab-portrait=\"\" data-height-mobile-landscape=\"\" style=\"clear:both;display:block;\"><\/div>[\/vc_column][\/vc_row][vc_row ct_row_stretch=&#8221;&#8221;][vc_column width=&#8221;1\/6&#8243;][\/vc_column][vc_column width=&#8221;2\/3&#8243;]<div class=\"ult-spacer spacer-69d3db51e3721\" data-id=\"69d3db51e3721\" data-height=\"20\" data-height-mobile=\"20\" data-height-tab=\"20\" data-height-tab-portrait=\"\" data-height-mobile-landscape=\"\" style=\"clear:both;display:block;\"><\/div>[vc_raw_html]JTVCc2NiLXNvdW5kLWNsb3VkJTIwaWQlM0Q5MjMwJTVE[\/vc_raw_html]<div class=\"ult-spacer spacer-69d3db51e3753\" data-id=\"69d3db51e3753\" data-height=\"20\" data-height-mobile=\"20\" data-height-tab=\"20\" data-height-tab-portrait=\"\" data-height-mobile-landscape=\"\" style=\"clear:both;display:block;\"><\/div>[\/vc_column][vc_column width=&#8221;1\/6&#8243;][\/vc_column][\/vc_row][vc_row ct_row_stretch=&#8221;&#8221;][vc_column]<div class=\"ult-spacer spacer-69d3db51e3783\" data-id=\"69d3db51e3783\" data-height=\"150\" data-height-mobile=\"150\" data-height-tab=\"150\" data-height-tab-portrait=\"\" data-height-mobile-landscape=\"\" style=\"clear:both;display:block;\"><\/div>[\/vc_column][\/vc_row][\/vc_section]\n","protected":false},"excerpt":{"rendered":"<p>[vc_section ct_section_stretch=&#8221;stretch_section_content_no_spaces&#8221; ct_bg_image=&#8221;9198&#8243; ct_bg_repeat=&#8221;no-repeat&#8221; ct_bg_size=&#8221;cover&#8221; ct_bg_position=&#8221;center center&#8221;][vc_row ct_row_stretch=&#8221;&#8221;][vc_column][\/vc_column][\/vc_row][vc_row ct_row_stretch=&#8221;&#8221;][vc_column width=&#8221;1\/4&#8243;][\/vc_column][vc_column width=&#8221;1\/2&#8243;][vc_custom_heading text=&#8221;BIOGRAPHY&#8221; font_container=&#8221;tag:h1|font_size:48|text_align:center|color:%23ffffff&#8221; google_fonts=&#8221;font_family:Lato%3A100%2C100italic%2C300%2C300italic%2Cregular%2Citalic%2C700%2C700italic%2C900%2C900italic|font_style:100%20light%20regular%3A100%3Anormal&#8221;][\/vc_column][vc_column width=&#8221;1\/4&#8243;][\/vc_column][\/vc_row][vc_row ct_row_stretch=&#8221;&#8221;][vc_column][\/vc_column][\/vc_row][vc_row ct_row_stretch=&#8221;stretch_row&#8221; equal_height=&#8221;yes&#8221; css=&#8221;.vc_custom_1756721318282{margin-right: 0px !important;margin-left: 0px !important;}&#8221;][vc_column width=&#8221;1\/2&#8243;][vc_single_image image=&#8221;9660&#8243; img_size=&#8221;full&#8221;][\/vc_column][vc_column width=&#8221;1\/2&#8243; css=&#8221;.vc_custom_1756109321350{background-color: rgba(59,54,113,0.71) !important;*background-color: &#8230;<\/p>\n","protected":false},"author":1,"featured_media":0,"parent":0,"menu_order":0,"comment_status":"closed","ping_status":"closed","template":"","meta":{"footnotes":""},"class_list":["post-9658","page","type-page","status-publish","hentry"],"yoast_head":"<!-- This site is optimized with the Yoast SEO plugin v26.0 - https:\/\/yoast.com\/wordpress\/plugins\/seo\/ -->\n<title>Biograf\u00eda - Jorge Arribas<\/title>\n<meta name=\"robots\" content=\"index, follow, max-snippet:-1, max-image-preview:large, max-video-preview:-1\" \/>\n<link rel=\"canonical\" href=\"https:\/\/www.jorgearribas.com\/en\/biografia\/\" \/>\n<meta property=\"og:locale\" content=\"en_US\" \/>\n<meta property=\"og:type\" content=\"article\" \/>\n<meta property=\"og:title\" content=\"Biograf\u00eda - Jorge Arribas\" \/>\n<meta property=\"og:description\" content=\"[vc_section ct_section_stretch=&#8221;stretch_section_content_no_spaces&#8221; ct_bg_image=&#8221;9198&#8243; ct_bg_repeat=&#8221;no-repeat&#8221; ct_bg_size=&#8221;cover&#8221; ct_bg_position=&#8221;center center&#8221;][vc_row ct_row_stretch=&#8221;&#8221;][vc_column][\/vc_column][\/vc_row][vc_row ct_row_stretch=&#8221;&#8221;][vc_column width=&#8221;1\/4&#8243;][\/vc_column][vc_column width=&#8221;1\/2&#8243;][vc_custom_heading text=&#8221;BIOGRAPHY&#8221; font_container=&#8221;tag:h1|font_size:48|text_align:center|color:%23ffffff&#8221; google_fonts=&#8221;font_family:Lato%3A100%2C100italic%2C300%2C300italic%2Cregular%2Citalic%2C700%2C700italic%2C900%2C900italic|font_style:100%20light%20regular%3A100%3Anormal&#8221;][\/vc_column][vc_column width=&#8221;1\/4&#8243;][\/vc_column][\/vc_row][vc_row ct_row_stretch=&#8221;&#8221;][vc_column][\/vc_column][\/vc_row][vc_row ct_row_stretch=&#8221;stretch_row&#8221; equal_height=&#8221;yes&#8221; css=&#8221;.vc_custom_1756721318282{margin-right: 0px !important;margin-left: 0px !important;}&#8221;][vc_column width=&#8221;1\/2&#8243;][vc_single_image image=&#8221;9660&#8243; img_size=&#8221;full&#8221;][\/vc_column][vc_column width=&#8221;1\/2&#8243; css=&#8221;.vc_custom_1756109321350{background-color: rgba(59,54,113,0.71) !important;*background-color: ...\" \/>\n<meta property=\"og:url\" content=\"https:\/\/www.jorgearribas.com\/en\/biografia\/\" \/>\n<meta property=\"og:site_name\" content=\"Jorge Arribas\" \/>\n<meta property=\"article:modified_time\" content=\"2025-12-03T12:26:14+00:00\" \/>\n<meta name=\"twitter:card\" content=\"summary_large_image\" \/>\n<meta name=\"twitter:label1\" content=\"Est. reading time\" \/>\n\t<meta name=\"twitter:data1\" content=\"4 minutes\" \/>\n<script type=\"application\/ld+json\" class=\"yoast-schema-graph\">{\"@context\":\"https:\/\/schema.org\",\"@graph\":[{\"@type\":\"WebPage\",\"@id\":\"https:\/\/www.jorgearribas.com\/en\/biografia\/\",\"url\":\"https:\/\/www.jorgearribas.com\/en\/biografia\/\",\"name\":\"Biograf\u00eda - Jorge Arribas\",\"isPartOf\":{\"@id\":\"https:\/\/www.jorgearribas.com\/#website\"},\"datePublished\":\"2025-08-25T07:51:03+00:00\",\"dateModified\":\"2025-12-03T12:26:14+00:00\",\"breadcrumb\":{\"@id\":\"https:\/\/www.jorgearribas.com\/en\/biografia\/#breadcrumb\"},\"inLanguage\":\"en-US\",\"potentialAction\":[{\"@type\":\"ReadAction\",\"target\":[\"https:\/\/www.jorgearribas.com\/en\/biografia\/\"]}]},{\"@type\":\"BreadcrumbList\",\"@id\":\"https:\/\/www.jorgearribas.com\/en\/biografia\/#breadcrumb\",\"itemListElement\":[{\"@type\":\"ListItem\",\"position\":1,\"name\":\"Portada\",\"item\":\"https:\/\/www.jorgearribas.com\/en\/\"},{\"@type\":\"ListItem\",\"position\":2,\"name\":\"Biograf\u00eda\"}]},{\"@type\":\"WebSite\",\"@id\":\"https:\/\/www.jorgearribas.com\/#website\",\"url\":\"https:\/\/www.jorgearribas.com\/\",\"name\":\"Jorge Arribas\",\"description\":\"\",\"publisher\":{\"@id\":\"https:\/\/www.jorgearribas.com\/#\/schema\/person\/8d26566f584217c3cbf9d8b5f972ca04\"},\"potentialAction\":[{\"@type\":\"SearchAction\",\"target\":{\"@type\":\"EntryPoint\",\"urlTemplate\":\"https:\/\/www.jorgearribas.com\/?s={search_term_string}\"},\"query-input\":{\"@type\":\"PropertyValueSpecification\",\"valueRequired\":true,\"valueName\":\"search_term_string\"}}],\"inLanguage\":\"en-US\"},{\"@type\":[\"Person\",\"Organization\"],\"@id\":\"https:\/\/www.jorgearribas.com\/#\/schema\/person\/8d26566f584217c3cbf9d8b5f972ca04\",\"name\":\"Jorge Arribas\",\"image\":{\"@type\":\"ImageObject\",\"inLanguage\":\"en-US\",\"@id\":\"https:\/\/www.jorgearribas.com\/#\/schema\/person\/image\/\",\"url\":\"https:\/\/www.jorgearribas.com\/wp-content\/uploads\/2025\/08\/logo.png\",\"contentUrl\":\"https:\/\/www.jorgearribas.com\/wp-content\/uploads\/2025\/08\/logo.png\",\"width\":1330,\"height\":658,\"caption\":\"Jorge Arribas\"},\"logo\":{\"@id\":\"https:\/\/www.jorgearribas.com\/#\/schema\/person\/image\/\"}}]}<\/script>\n<!-- \/ Yoast SEO plugin. -->","yoast_head_json":{"title":"Biograf\u00eda - Jorge Arribas","robots":{"index":"index","follow":"follow","max-snippet":"max-snippet:-1","max-image-preview":"max-image-preview:large","max-video-preview":"max-video-preview:-1"},"canonical":"https:\/\/www.jorgearribas.com\/en\/biografia\/","og_locale":"en_US","og_type":"article","og_title":"Biograf\u00eda - Jorge Arribas","og_description":"[vc_section ct_section_stretch=&#8221;stretch_section_content_no_spaces&#8221; ct_bg_image=&#8221;9198&#8243; ct_bg_repeat=&#8221;no-repeat&#8221; ct_bg_size=&#8221;cover&#8221; ct_bg_position=&#8221;center center&#8221;][vc_row ct_row_stretch=&#8221;&#8221;][vc_column][\/vc_column][\/vc_row][vc_row ct_row_stretch=&#8221;&#8221;][vc_column width=&#8221;1\/4&#8243;][\/vc_column][vc_column width=&#8221;1\/2&#8243;][vc_custom_heading text=&#8221;BIOGRAPHY&#8221; font_container=&#8221;tag:h1|font_size:48|text_align:center|color:%23ffffff&#8221; google_fonts=&#8221;font_family:Lato%3A100%2C100italic%2C300%2C300italic%2Cregular%2Citalic%2C700%2C700italic%2C900%2C900italic|font_style:100%20light%20regular%3A100%3Anormal&#8221;][\/vc_column][vc_column width=&#8221;1\/4&#8243;][\/vc_column][\/vc_row][vc_row ct_row_stretch=&#8221;&#8221;][vc_column][\/vc_column][\/vc_row][vc_row ct_row_stretch=&#8221;stretch_row&#8221; equal_height=&#8221;yes&#8221; css=&#8221;.vc_custom_1756721318282{margin-right: 0px !important;margin-left: 0px !important;}&#8221;][vc_column width=&#8221;1\/2&#8243;][vc_single_image image=&#8221;9660&#8243; img_size=&#8221;full&#8221;][\/vc_column][vc_column width=&#8221;1\/2&#8243; css=&#8221;.vc_custom_1756109321350{background-color: rgba(59,54,113,0.71) !important;*background-color: ...","og_url":"https:\/\/www.jorgearribas.com\/en\/biografia\/","og_site_name":"Jorge Arribas","article_modified_time":"2025-12-03T12:26:14+00:00","twitter_card":"summary_large_image","twitter_misc":{"Est. reading time":"4 minutes"},"schema":{"@context":"https:\/\/schema.org","@graph":[{"@type":"WebPage","@id":"https:\/\/www.jorgearribas.com\/en\/biografia\/","url":"https:\/\/www.jorgearribas.com\/en\/biografia\/","name":"Biograf\u00eda - Jorge Arribas","isPartOf":{"@id":"https:\/\/www.jorgearribas.com\/#website"},"datePublished":"2025-08-25T07:51:03+00:00","dateModified":"2025-12-03T12:26:14+00:00","breadcrumb":{"@id":"https:\/\/www.jorgearribas.com\/en\/biografia\/#breadcrumb"},"inLanguage":"en-US","potentialAction":[{"@type":"ReadAction","target":["https:\/\/www.jorgearribas.com\/en\/biografia\/"]}]},{"@type":"BreadcrumbList","@id":"https:\/\/www.jorgearribas.com\/en\/biografia\/#breadcrumb","itemListElement":[{"@type":"ListItem","position":1,"name":"Portada","item":"https:\/\/www.jorgearribas.com\/en\/"},{"@type":"ListItem","position":2,"name":"Biograf\u00eda"}]},{"@type":"WebSite","@id":"https:\/\/www.jorgearribas.com\/#website","url":"https:\/\/www.jorgearribas.com\/","name":"Jorge Arribas","description":"","publisher":{"@id":"https:\/\/www.jorgearribas.com\/#\/schema\/person\/8d26566f584217c3cbf9d8b5f972ca04"},"potentialAction":[{"@type":"SearchAction","target":{"@type":"EntryPoint","urlTemplate":"https:\/\/www.jorgearribas.com\/?s={search_term_string}"},"query-input":{"@type":"PropertyValueSpecification","valueRequired":true,"valueName":"search_term_string"}}],"inLanguage":"en-US"},{"@type":["Person","Organization"],"@id":"https:\/\/www.jorgearribas.com\/#\/schema\/person\/8d26566f584217c3cbf9d8b5f972ca04","name":"Jorge Arribas","image":{"@type":"ImageObject","inLanguage":"en-US","@id":"https:\/\/www.jorgearribas.com\/#\/schema\/person\/image\/","url":"https:\/\/www.jorgearribas.com\/wp-content\/uploads\/2025\/08\/logo.png","contentUrl":"https:\/\/www.jorgearribas.com\/wp-content\/uploads\/2025\/08\/logo.png","width":1330,"height":658,"caption":"Jorge Arribas"},"logo":{"@id":"https:\/\/www.jorgearribas.com\/#\/schema\/person\/image\/"}}]}},"_links":{"self":[{"href":"https:\/\/www.jorgearribas.com\/en\/wp-json\/wp\/v2\/pages\/9658","targetHints":{"allow":["GET"]}}],"collection":[{"href":"https:\/\/www.jorgearribas.com\/en\/wp-json\/wp\/v2\/pages"}],"about":[{"href":"https:\/\/www.jorgearribas.com\/en\/wp-json\/wp\/v2\/types\/page"}],"author":[{"embeddable":true,"href":"https:\/\/www.jorgearribas.com\/en\/wp-json\/wp\/v2\/users\/1"}],"replies":[{"embeddable":true,"href":"https:\/\/www.jorgearribas.com\/en\/wp-json\/wp\/v2\/comments?post=9658"}],"version-history":[{"count":6,"href":"https:\/\/www.jorgearribas.com\/en\/wp-json\/wp\/v2\/pages\/9658\/revisions"}],"predecessor-version":[{"id":10088,"href":"https:\/\/www.jorgearribas.com\/en\/wp-json\/wp\/v2\/pages\/9658\/revisions\/10088"}],"wp:attachment":[{"href":"https:\/\/www.jorgearribas.com\/en\/wp-json\/wp\/v2\/media?parent=9658"}],"curies":[{"name":"wp","href":"https:\/\/api.w.org\/{rel}","templated":true}]}}