{"id":9745,"date":"2025-09-02T11:06:01","date_gmt":"2025-09-02T09:06:01","guid":{"rendered":"https:\/\/www.jorgearribas.com\/el-barco-de-martin\/"},"modified":"2025-12-03T13:33:09","modified_gmt":"2025-12-03T12:33:09","slug":"el-barco-de-martin","status":"publish","type":"page","link":"https:\/\/www.jorgearribas.com\/en\/el-barco-de-martin\/","title":{"rendered":"El barco de Mart\u00edn"},"content":{"rendered":"[vc_section ct_section_stretch=&#8221;stretch_section_content_no_spaces&#8221; ct_bg_image=&#8221;9265&#8243; ct_bg_repeat=&#8221;no-repeat&#8221; ct_bg_size=&#8221;cover&#8221; ct_bg_position=&#8221;center center&#8221;][vc_row ct_row_stretch=&#8221;&#8221;][vc_column]<div class=\"ult-spacer spacer-69d3c2c587c56\" data-id=\"69d3c2c587c56\" data-height=\"150\" data-height-mobile=\"150\" data-height-tab=\"150\" data-height-tab-portrait=\"\" data-height-mobile-landscape=\"\" style=\"clear:both;display:block;\"><\/div>[\/vc_column][\/vc_row][vc_row ct_row_stretch=&#8221;&#8221;][vc_column width=&#8221;1\/4&#8243;][\/vc_column][vc_column width=&#8221;1\/2&#8243;][vc_custom_heading text=&#8221;PROJECTS&#8221; font_container=&#8221;tag:h1|font_size:48|text_align:center|color:%23ffffff&#8221; google_fonts=&#8221;font_family:Lato%3A100%2C100italic%2C300%2C300italic%2Cregular%2Citalic%2C700%2C700italic%2C900%2C900italic|font_style:100%20light%20regular%3A100%3Anormal&#8221;][\/vc_column][vc_column width=&#8221;1\/4&#8243;][\/vc_column][\/vc_row][vc_row ct_row_stretch=&#8221;&#8221; bg_type=&#8221;bg_color&#8221;][vc_column]<div class=\"ult-spacer spacer-69d3c2c587caf\" data-id=\"69d3c2c587caf\" data-height=\"150\" data-height-mobile=\"150\" data-height-tab=\"150\" data-height-tab-portrait=\"\" data-height-mobile-landscape=\"\" style=\"clear:both;display:block;\"><\/div>[\/vc_column][\/vc_row][vc_row ct_row_stretch=&#8221;&#8221; ct_bg_color=&#8221;rgba(59,54,113,0.7)&#8221;][vc_column]<div class=\"ult-spacer spacer-69d3c2c587cee\" data-id=\"69d3c2c587cee\" data-height=\"150\" data-height-mobile=\"150\" data-height-tab=\"150\" data-height-tab-portrait=\"\" data-height-mobile-landscape=\"\" style=\"clear:both;display:block;\"><\/div>[vc_row_inner][vc_column_inner width=&#8221;1\/4&#8243;][vc_single_image image=&#8221;9680&#8243; img_size=&#8221;FULL&#8221; alignment=&#8221;center&#8221;][\/vc_column_inner][vc_column_inner width=&#8221;3\/4&#8243;]<div id=\"ultimate-heading-464069d3c2c587d3c\" class=\"uvc-heading ult-adjust-bottom-margin ultimate-heading-464069d3c2c587d3c uvc-7764 \" data-hspacer=\"no_spacer\"  data-halign=\"left\" style=\"text-align:left\"><div class=\"uvc-heading-spacer no_spacer\" style=\"top\"><\/div><div class=\"uvc-main-heading ult-responsive\"  data-ultimate-target='.uvc-heading.ultimate-heading-464069d3c2c587d3c h2'  data-responsive-json-new='{\"font-size\":\"desktop:48px;\",\"line-height\":\"desktop:48px;\"}' ><h2 style=\"font-weight:normal;color:#ffffff;\">El barco de Mart\u00edn<\/h2><\/div><\/div><div class=\"ult-spacer spacer-69d3c2c587d8c\" data-id=\"69d3c2c587d8c\" data-height=\"10\" data-height-mobile=\"10\" data-height-tab=\"10\" data-height-tab-portrait=\"\" data-height-mobile-landscape=\"\" style=\"clear:both;display:block;\"><\/div>[vc_column_text]<span style=\"color: #ffffff;\">Jorge es un m\u00fasico que re\u00fane la formaci\u00f3n acad\u00e9mica (grado profesional de flauta travesera y superior de acorde\u00f3n, master en Musicoterapia) con la profesional (fundador de los d\u00faos Fet\u00e9n Fet\u00e9n y Taper Duel, ex componente de la Musga\u00f1a y Celtas Cortos).<\/span><br \/>\n<span style=\"color: #ffffff;\">Las giras internacionales y los proyectos \/ colaboraciones junto a grandes m\u00fasicos y amigos fomentan la creatividad y apertura en su lenguaje. Desde la tradici\u00f3n a las nuevas m\u00fasicas.<\/span><\/p>\n<p><span style=\"color: #ffffff;\">Su nuevo proyecto &#8220;el Barco de Mart\u00edn&#8221; se presenta como concierto para todos los p\u00fablicos con un formato en cuarteto junto a los m\u00fasicos C\u00e9sar Mayorga, Diego Mart\u00edn y C\u00e9sar Diez.<\/span><\/p>\n<p><span style=\"color: #ffffff;\"><strong>Concierto\u00a0&#8220;El Barco de Mart\u00edn&#8221;. <a style=\"color: #ffffff;\" href=\"https:\/\/www.dropbox.com\/sh\/rr68o2e6dghhhz6\/AAB67yBLJPUJdf1h3ILGfw2ma?dl=0\" target=\"_blank\" rel=\"noopener\">descargar dosieres, rider, fotos<\/a><\/strong><\/span><\/p>\n<p><span style=\"color: #ffffff;\">Descubrir\u00a0pa\u00edses, instrumentos y\u00a0ritmos\u00a0de Asia, Africa, Europa y\u00a0Am\u00e9rica.\u00a0Viajar por\u00a0Francia, Italia, Irlanda, Rusia con las melod\u00edas e instrumentos que Jorge nos propone en este espect\u00e1culo.<\/span><\/p>\n<p><span style=\"color: #ffffff;\">Un concierto divertido en el que jugando aprenderemos geograf\u00eda, descubriremos ritmos, bailaremos y escucharemos melod\u00edas de la m\u00fasica popular del mundo.<\/span><\/p>\n<p><span style=\"color: #ffffff;\">Jorge Arribas: Acorde\u00f3n, gaita, tabor pipe, ala de buitre, silla flauta de camping, kalimba, theremin, flauta\u00a0travesera, bansuri,\u00a0bawu, dizi, whistle, sulling, pandereta, tambor y loop station.<\/span><\/p>\n<p><a href=\"https:\/\/www.dropbox.com\/sh\/rr68o2e6dghhhz6\/AAB67yBLJPUJdf1h3ILGfw2ma?dl=0\" target=\"_top\"><span style=\"color: #ffffff;\">Dosieres, rider y fotos.<\/span><\/a>[\/vc_column_text][\/vc_column_inner][\/vc_row_inner]<div class=\"ult-spacer spacer-69d3c2c587dc1\" data-id=\"69d3c2c587dc1\" data-height=\"60\" data-height-mobile=\"60\" data-height-tab=\"60\" data-height-tab-portrait=\"\" data-height-mobile-landscape=\"\" style=\"clear:both;display:block;\"><\/div>[vc_row_inner][vc_column_inner width=&#8221;1\/6&#8243;][\/vc_column_inner][vc_column_inner width=&#8221;2\/3&#8243;][vc_video link=&#8221;https:\/\/www.youtube.com\/watch?v=AJaEOJe_p_w&#8221; el_aspect=&#8221;43&#8243; align=&#8221;center&#8221;][\/vc_column_inner][vc_column_inner width=&#8221;1\/6&#8243;][\/vc_column_inner][\/vc_row_inner]<div class=\"ult-spacer spacer-69d3c2c587df3\" data-id=\"69d3c2c587df3\" data-height=\"150\" data-height-mobile=\"150\" data-height-tab=\"150\" data-height-tab-portrait=\"\" data-height-mobile-landscape=\"\" style=\"clear:both;display:block;\"><\/div>[vc_row_inner][vc_column_inner][vc_separator color=&#8221;white&#8221;]<div class=\"ult-spacer spacer-69d3c2c587e24\" data-id=\"69d3c2c587e24\" data-height=\"60\" data-height-mobile=\"60\" data-height-tab=\"60\" data-height-tab-portrait=\"\" data-height-mobile-landscape=\"\" style=\"clear:both;display:block;\"><\/div>[vc_gallery type=&#8221;image_grid&#8221; images=&#8221;9746&#8243; img_size=&#8221;200X200&#8243;]<div class=\"ult-spacer spacer-69d3c2c587e53\" data-id=\"69d3c2c587e53\" data-height=\"60\" data-height-mobile=\"60\" data-height-tab=\"60\" data-height-tab-portrait=\"\" data-height-mobile-landscape=\"\" style=\"clear:both;display:block;\"><\/div>[vc_separator color=&#8221;white&#8221;]<div class=\"ult-spacer spacer-69d3c2c587e82\" data-id=\"69d3c2c587e82\" data-height=\"60\" data-height-mobile=\"60\" data-height-tab=\"60\" data-height-tab-portrait=\"\" data-height-mobile-landscape=\"\" style=\"clear:both;display:block;\"><\/div>[\/vc_column_inner][\/vc_row_inner][\/vc_column][\/vc_row][\/vc_section]\n","protected":false},"excerpt":{"rendered":"<p>[vc_section ct_section_stretch=&#8221;stretch_section_content_no_spaces&#8221; ct_bg_image=&#8221;9265&#8243; ct_bg_repeat=&#8221;no-repeat&#8221; ct_bg_size=&#8221;cover&#8221; ct_bg_position=&#8221;center center&#8221;][vc_row ct_row_stretch=&#8221;&#8221;][vc_column][\/vc_column][\/vc_row][vc_row ct_row_stretch=&#8221;&#8221;][vc_column width=&#8221;1\/4&#8243;][\/vc_column][vc_column width=&#8221;1\/2&#8243;][vc_custom_heading text=&#8221;PROJECTS&#8221; font_container=&#8221;tag:h1|font_size:48|text_align:center|color:%23ffffff&#8221; google_fonts=&#8221;font_family:Lato%3A100%2C100italic%2C300%2C300italic%2Cregular%2Citalic%2C700%2C700italic%2C900%2C900italic|font_style:100%20light%20regular%3A100%3Anormal&#8221;][\/vc_column][vc_column width=&#8221;1\/4&#8243;][\/vc_column][\/vc_row][vc_row ct_row_stretch=&#8221;&#8221; bg_type=&#8221;bg_color&#8221;][vc_column][\/vc_column][\/vc_row][vc_row ct_row_stretch=&#8221;&#8221; ct_bg_color=&#8221;rgba(59,54,113,0.7)&#8221;][vc_column][vc_row_inner][vc_column_inner width=&#8221;1\/4&#8243;][vc_single_image image=&#8221;9680&#8243; img_size=&#8221;FULL&#8221; alignment=&#8221;center&#8221;][\/vc_column_inner][vc_column_inner width=&#8221;3\/4&#8243;][vc_column_text]Jorge es un m\u00fasico que re\u00fane la &#8230;<\/p>\n","protected":false},"author":1,"featured_media":0,"parent":0,"menu_order":0,"comment_status":"closed","ping_status":"closed","template":"","meta":{"footnotes":""},"class_list":["post-9745","page","type-page","status-publish","hentry"],"yoast_head":"<!-- This site is optimized with the Yoast SEO plugin v26.0 - https:\/\/yoast.com\/wordpress\/plugins\/seo\/ -->\n<title>El barco de Mart\u00edn - Jorge Arribas<\/title>\n<meta name=\"robots\" content=\"index, follow, max-snippet:-1, max-image-preview:large, max-video-preview:-1\" \/>\n<link rel=\"canonical\" href=\"https:\/\/www.jorgearribas.com\/en\/el-barco-de-martin\/\" \/>\n<meta property=\"og:locale\" content=\"en_US\" \/>\n<meta property=\"og:type\" content=\"article\" \/>\n<meta property=\"og:title\" content=\"El barco de Mart\u00edn - Jorge Arribas\" \/>\n<meta property=\"og:description\" content=\"[vc_section ct_section_stretch=&#8221;stretch_section_content_no_spaces&#8221; ct_bg_image=&#8221;9265&#8243; ct_bg_repeat=&#8221;no-repeat&#8221; ct_bg_size=&#8221;cover&#8221; ct_bg_position=&#8221;center center&#8221;][vc_row ct_row_stretch=&#8221;&#8221;][vc_column][\/vc_column][\/vc_row][vc_row ct_row_stretch=&#8221;&#8221;][vc_column width=&#8221;1\/4&#8243;][\/vc_column][vc_column width=&#8221;1\/2&#8243;][vc_custom_heading text=&#8221;PROJECTS&#8221; font_container=&#8221;tag:h1|font_size:48|text_align:center|color:%23ffffff&#8221; google_fonts=&#8221;font_family:Lato%3A100%2C100italic%2C300%2C300italic%2Cregular%2Citalic%2C700%2C700italic%2C900%2C900italic|font_style:100%20light%20regular%3A100%3Anormal&#8221;][\/vc_column][vc_column width=&#8221;1\/4&#8243;][\/vc_column][\/vc_row][vc_row ct_row_stretch=&#8221;&#8221; bg_type=&#8221;bg_color&#8221;][vc_column][\/vc_column][\/vc_row][vc_row ct_row_stretch=&#8221;&#8221; ct_bg_color=&#8221;rgba(59,54,113,0.7)&#8221;][vc_column][vc_row_inner][vc_column_inner width=&#8221;1\/4&#8243;][vc_single_image image=&#8221;9680&#8243; img_size=&#8221;FULL&#8221; alignment=&#8221;center&#8221;][\/vc_column_inner][vc_column_inner width=&#8221;3\/4&#8243;][vc_column_text]Jorge es un m\u00fasico que re\u00fane la ...\" \/>\n<meta property=\"og:url\" content=\"https:\/\/www.jorgearribas.com\/en\/el-barco-de-martin\/\" \/>\n<meta property=\"og:site_name\" content=\"Jorge Arribas\" \/>\n<meta property=\"article:modified_time\" content=\"2025-12-03T12:33:09+00:00\" \/>\n<meta name=\"twitter:card\" content=\"summary_large_image\" \/>\n<meta name=\"twitter:label1\" content=\"Est. reading time\" \/>\n\t<meta name=\"twitter:data1\" content=\"2 minutes\" \/>\n<script type=\"application\/ld+json\" class=\"yoast-schema-graph\">{\"@context\":\"https:\/\/schema.org\",\"@graph\":[{\"@type\":\"WebPage\",\"@id\":\"https:\/\/www.jorgearribas.com\/en\/el-barco-de-martin\/\",\"url\":\"https:\/\/www.jorgearribas.com\/en\/el-barco-de-martin\/\",\"name\":\"El barco de Mart\u00edn - Jorge Arribas\",\"isPartOf\":{\"@id\":\"https:\/\/www.jorgearribas.com\/#website\"},\"datePublished\":\"2025-09-02T09:06:01+00:00\",\"dateModified\":\"2025-12-03T12:33:09+00:00\",\"breadcrumb\":{\"@id\":\"https:\/\/www.jorgearribas.com\/en\/el-barco-de-martin\/#breadcrumb\"},\"inLanguage\":\"en-US\",\"potentialAction\":[{\"@type\":\"ReadAction\",\"target\":[\"https:\/\/www.jorgearribas.com\/en\/el-barco-de-martin\/\"]}]},{\"@type\":\"BreadcrumbList\",\"@id\":\"https:\/\/www.jorgearribas.com\/en\/el-barco-de-martin\/#breadcrumb\",\"itemListElement\":[{\"@type\":\"ListItem\",\"position\":1,\"name\":\"Portada\",\"item\":\"https:\/\/www.jorgearribas.com\/en\/\"},{\"@type\":\"ListItem\",\"position\":2,\"name\":\"El barco de Mart\u00edn\"}]},{\"@type\":\"WebSite\",\"@id\":\"https:\/\/www.jorgearribas.com\/#website\",\"url\":\"https:\/\/www.jorgearribas.com\/\",\"name\":\"Jorge Arribas\",\"description\":\"\",\"publisher\":{\"@id\":\"https:\/\/www.jorgearribas.com\/#\/schema\/person\/8d26566f584217c3cbf9d8b5f972ca04\"},\"potentialAction\":[{\"@type\":\"SearchAction\",\"target\":{\"@type\":\"EntryPoint\",\"urlTemplate\":\"https:\/\/www.jorgearribas.com\/?s={search_term_string}\"},\"query-input\":{\"@type\":\"PropertyValueSpecification\",\"valueRequired\":true,\"valueName\":\"search_term_string\"}}],\"inLanguage\":\"en-US\"},{\"@type\":[\"Person\",\"Organization\"],\"@id\":\"https:\/\/www.jorgearribas.com\/#\/schema\/person\/8d26566f584217c3cbf9d8b5f972ca04\",\"name\":\"Jorge Arribas\",\"image\":{\"@type\":\"ImageObject\",\"inLanguage\":\"en-US\",\"@id\":\"https:\/\/www.jorgearribas.com\/#\/schema\/person\/image\/\",\"url\":\"https:\/\/www.jorgearribas.com\/wp-content\/uploads\/2025\/08\/logo.png\",\"contentUrl\":\"https:\/\/www.jorgearribas.com\/wp-content\/uploads\/2025\/08\/logo.png\",\"width\":1330,\"height\":658,\"caption\":\"Jorge Arribas\"},\"logo\":{\"@id\":\"https:\/\/www.jorgearribas.com\/#\/schema\/person\/image\/\"}}]}<\/script>\n<!-- \/ Yoast SEO plugin. -->","yoast_head_json":{"title":"El barco de Mart\u00edn - Jorge Arribas","robots":{"index":"index","follow":"follow","max-snippet":"max-snippet:-1","max-image-preview":"max-image-preview:large","max-video-preview":"max-video-preview:-1"},"canonical":"https:\/\/www.jorgearribas.com\/en\/el-barco-de-martin\/","og_locale":"en_US","og_type":"article","og_title":"El barco de Mart\u00edn - Jorge Arribas","og_description":"[vc_section ct_section_stretch=&#8221;stretch_section_content_no_spaces&#8221; ct_bg_image=&#8221;9265&#8243; ct_bg_repeat=&#8221;no-repeat&#8221; ct_bg_size=&#8221;cover&#8221; ct_bg_position=&#8221;center center&#8221;][vc_row ct_row_stretch=&#8221;&#8221;][vc_column][\/vc_column][\/vc_row][vc_row ct_row_stretch=&#8221;&#8221;][vc_column width=&#8221;1\/4&#8243;][\/vc_column][vc_column width=&#8221;1\/2&#8243;][vc_custom_heading text=&#8221;PROJECTS&#8221; font_container=&#8221;tag:h1|font_size:48|text_align:center|color:%23ffffff&#8221; google_fonts=&#8221;font_family:Lato%3A100%2C100italic%2C300%2C300italic%2Cregular%2Citalic%2C700%2C700italic%2C900%2C900italic|font_style:100%20light%20regular%3A100%3Anormal&#8221;][\/vc_column][vc_column width=&#8221;1\/4&#8243;][\/vc_column][\/vc_row][vc_row ct_row_stretch=&#8221;&#8221; bg_type=&#8221;bg_color&#8221;][vc_column][\/vc_column][\/vc_row][vc_row ct_row_stretch=&#8221;&#8221; ct_bg_color=&#8221;rgba(59,54,113,0.7)&#8221;][vc_column][vc_row_inner][vc_column_inner width=&#8221;1\/4&#8243;][vc_single_image image=&#8221;9680&#8243; img_size=&#8221;FULL&#8221; alignment=&#8221;center&#8221;][\/vc_column_inner][vc_column_inner width=&#8221;3\/4&#8243;][vc_column_text]Jorge es un m\u00fasico que re\u00fane la ...","og_url":"https:\/\/www.jorgearribas.com\/en\/el-barco-de-martin\/","og_site_name":"Jorge Arribas","article_modified_time":"2025-12-03T12:33:09+00:00","twitter_card":"summary_large_image","twitter_misc":{"Est. reading time":"2 minutes"},"schema":{"@context":"https:\/\/schema.org","@graph":[{"@type":"WebPage","@id":"https:\/\/www.jorgearribas.com\/en\/el-barco-de-martin\/","url":"https:\/\/www.jorgearribas.com\/en\/el-barco-de-martin\/","name":"El barco de Mart\u00edn - Jorge Arribas","isPartOf":{"@id":"https:\/\/www.jorgearribas.com\/#website"},"datePublished":"2025-09-02T09:06:01+00:00","dateModified":"2025-12-03T12:33:09+00:00","breadcrumb":{"@id":"https:\/\/www.jorgearribas.com\/en\/el-barco-de-martin\/#breadcrumb"},"inLanguage":"en-US","potentialAction":[{"@type":"ReadAction","target":["https:\/\/www.jorgearribas.com\/en\/el-barco-de-martin\/"]}]},{"@type":"BreadcrumbList","@id":"https:\/\/www.jorgearribas.com\/en\/el-barco-de-martin\/#breadcrumb","itemListElement":[{"@type":"ListItem","position":1,"name":"Portada","item":"https:\/\/www.jorgearribas.com\/en\/"},{"@type":"ListItem","position":2,"name":"El barco de Mart\u00edn"}]},{"@type":"WebSite","@id":"https:\/\/www.jorgearribas.com\/#website","url":"https:\/\/www.jorgearribas.com\/","name":"Jorge Arribas","description":"","publisher":{"@id":"https:\/\/www.jorgearribas.com\/#\/schema\/person\/8d26566f584217c3cbf9d8b5f972ca04"},"potentialAction":[{"@type":"SearchAction","target":{"@type":"EntryPoint","urlTemplate":"https:\/\/www.jorgearribas.com\/?s={search_term_string}"},"query-input":{"@type":"PropertyValueSpecification","valueRequired":true,"valueName":"search_term_string"}}],"inLanguage":"en-US"},{"@type":["Person","Organization"],"@id":"https:\/\/www.jorgearribas.com\/#\/schema\/person\/8d26566f584217c3cbf9d8b5f972ca04","name":"Jorge Arribas","image":{"@type":"ImageObject","inLanguage":"en-US","@id":"https:\/\/www.jorgearribas.com\/#\/schema\/person\/image\/","url":"https:\/\/www.jorgearribas.com\/wp-content\/uploads\/2025\/08\/logo.png","contentUrl":"https:\/\/www.jorgearribas.com\/wp-content\/uploads\/2025\/08\/logo.png","width":1330,"height":658,"caption":"Jorge Arribas"},"logo":{"@id":"https:\/\/www.jorgearribas.com\/#\/schema\/person\/image\/"}}]}},"_links":{"self":[{"href":"https:\/\/www.jorgearribas.com\/en\/wp-json\/wp\/v2\/pages\/9745","targetHints":{"allow":["GET"]}}],"collection":[{"href":"https:\/\/www.jorgearribas.com\/en\/wp-json\/wp\/v2\/pages"}],"about":[{"href":"https:\/\/www.jorgearribas.com\/en\/wp-json\/wp\/v2\/types\/page"}],"author":[{"embeddable":true,"href":"https:\/\/www.jorgearribas.com\/en\/wp-json\/wp\/v2\/users\/1"}],"replies":[{"embeddable":true,"href":"https:\/\/www.jorgearribas.com\/en\/wp-json\/wp\/v2\/comments?post=9745"}],"version-history":[{"count":3,"href":"https:\/\/www.jorgearribas.com\/en\/wp-json\/wp\/v2\/pages\/9745\/revisions"}],"predecessor-version":[{"id":10095,"href":"https:\/\/www.jorgearribas.com\/en\/wp-json\/wp\/v2\/pages\/9745\/revisions\/10095"}],"wp:attachment":[{"href":"https:\/\/www.jorgearribas.com\/en\/wp-json\/wp\/v2\/media?parent=9745"}],"curies":[{"name":"wp","href":"https:\/\/api.w.org\/{rel}","templated":true}]}}