{"id":9759,"date":"2025-09-02T11:49:55","date_gmt":"2025-09-02T09:49:55","guid":{"rendered":"https:\/\/www.jorgearribas.com\/masterclass-y-conciertos-a-solo\/"},"modified":"2025-12-03T13:37:54","modified_gmt":"2025-12-03T12:37:54","slug":"masterclass-y-conciertos-a-solo","status":"publish","type":"page","link":"https:\/\/www.jorgearribas.com\/en\/masterclass-y-conciertos-a-solo\/","title":{"rendered":"Masterclass y conciertos a s\u00f3lo"},"content":{"rendered":"[vc_section ct_section_stretch=&#8221;stretch_section_content_no_spaces&#8221; ct_bg_image=&#8221;9265&#8243; ct_bg_repeat=&#8221;no-repeat&#8221; ct_bg_size=&#8221;cover&#8221; ct_bg_position=&#8221;center center&#8221;][vc_row ct_row_stretch=&#8221;&#8221;][vc_column]<div class=\"ult-spacer spacer-69d3da40845c6\" data-id=\"69d3da40845c6\" data-height=\"150\" data-height-mobile=\"150\" data-height-tab=\"150\" data-height-tab-portrait=\"\" data-height-mobile-landscape=\"\" style=\"clear:both;display:block;\"><\/div>[\/vc_column][\/vc_row][vc_row ct_row_stretch=&#8221;&#8221;][vc_column width=&#8221;1\/4&#8243;][\/vc_column][vc_column width=&#8221;1\/2&#8243;][vc_custom_heading text=&#8221;PROJECTS&#8221; font_container=&#8221;tag:h1|font_size:48|text_align:center|color:%23ffffff&#8221; google_fonts=&#8221;font_family:Lato%3A100%2C100italic%2C300%2C300italic%2Cregular%2Citalic%2C700%2C700italic%2C900%2C900italic|font_style:100%20light%20regular%3A100%3Anormal&#8221;][\/vc_column][vc_column width=&#8221;1\/4&#8243;][\/vc_column][\/vc_row][vc_row ct_row_stretch=&#8221;&#8221; bg_type=&#8221;bg_color&#8221;][vc_column]<div class=\"ult-spacer spacer-69d3da408461c\" data-id=\"69d3da408461c\" data-height=\"150\" data-height-mobile=\"150\" data-height-tab=\"150\" data-height-tab-portrait=\"\" data-height-mobile-landscape=\"\" style=\"clear:both;display:block;\"><\/div>[\/vc_column][\/vc_row][vc_row ct_row_stretch=&#8221;&#8221; ct_bg_color=&#8221;rgba(59,54,113,0.7)&#8221;][vc_column width=&#8221;1\/6&#8243;][vc_row_inner][vc_column_inner][\/vc_column_inner][\/vc_row_inner][\/vc_column][vc_column width=&#8221;2\/3&#8243;]<div class=\"ult-spacer spacer-69d3da4084659\" data-id=\"69d3da4084659\" data-height=\"150\" data-height-mobile=\"150\" data-height-tab=\"150\" data-height-tab-portrait=\"\" data-height-mobile-landscape=\"\" style=\"clear:both;display:block;\"><\/div><div id=\"ultimate-heading-955469d3da40846a6\" class=\"uvc-heading ult-adjust-bottom-margin ultimate-heading-955469d3da40846a6 uvc-8398 \" data-hspacer=\"no_spacer\"  data-halign=\"left\" style=\"text-align:left\"><div class=\"uvc-heading-spacer no_spacer\" style=\"top\"><\/div><div class=\"uvc-main-heading ult-responsive\"  data-ultimate-target='.uvc-heading.ultimate-heading-955469d3da40846a6 h2'  data-responsive-json-new='{\"font-size\":\"desktop:48px;\",\"line-height\":\"desktop:48px;\"}' ><h2 style=\"font-weight:normal;color:#ffffff;\">Masterclass y conciertos a s\u00f3lo<\/h2><\/div><\/div><div class=\"ult-spacer spacer-69d3da40846f6\" data-id=\"69d3da40846f6\" data-height=\"10\" data-height-mobile=\"10\" data-height-tab=\"10\" data-height-tab-portrait=\"\" data-height-mobile-landscape=\"\" style=\"clear:both;display:block;\"><\/div>[vc_column_text]\n<p style=\"text-align: left;\"><span style=\"color: #ffffff;\">Concierto a s\u00f3lo: &#8220;Soplando leng\u00fcetas&#8221;.<\/span><\/p>\n<p style=\"text-align: left;\"><span style=\"color: #ffffff;\">Jorge Arribas: Acorde\u00f3n, tabor pipe, ala de buitre, silla flauta de camping, metal\u00f3fono, flauta travesera y bawu.<\/span><\/p>\n<p style=\"text-align: left;\"><span style=\"color: #ffffff;\">Un recorrido por ritmos de la m\u00fasica popular que han influenciado a Jorge y que nos muestra soplando leng\u00fcetas y otros instrumentos que le acompa\u00f1an en este directo.<\/span><\/p>\n<p style=\"text-align: left;\"><span style=\"color: #ffffff;\">Ritmos y sonoridades de la Pen\u00ednsula Ib\u00e9rica, As\u00eda, Sudam\u00e9rica, y melod\u00edas que viajan de Espa\u00f1a a Suecia, pasando por Francia, Italia, Irlanda, Breta\u00f1a y por todos los lugares que los viajes y m\u00fasicos con los que ha compartido escenario; le han brindado en m\u00e1s de 20 a\u00f1os de profesi\u00f3n.<\/span><\/p>\n<p style=\"text-align: left;\"><span style=\"color: #ffffff;\">Masterclass con dos modalidades:<\/span><br \/>\n<span style=\"color: #ffffff;\">Talleres sobre la m\u00fasica popular espec\u00edficos para acorde\u00f3n, incidiendo en distintos aspectos: t\u00e9cnica, fuelle, melod\u00edas, formas de acompa\u00f1amiento, ejercicios para mano izquierda, etc.<\/span><\/p>\n<p style=\"text-align: left;\"><span style=\"color: #ffffff;\">Talleres destinados a m\u00fasicos en general abordando aspectos arm\u00f3nicos y mel\u00f3dicos en distintos ritmos de la m\u00fasica popular, formas de acompa\u00f1ar y tocar melod\u00edas en distintos estilos y ritmos, ensembles instrumentales y clases colectivas.<\/span><\/p>\n[\/vc_column_text]<div class=\"ult-spacer spacer-69d3da408472b\" data-id=\"69d3da408472b\" data-height=\"10\" data-height-mobile=\"10\" data-height-tab=\"10\" data-height-tab-portrait=\"\" data-height-mobile-landscape=\"\" style=\"clear:both;display:block;\"><\/div><span id=\"creative-link-wrap-8452\" class=\"ult_main_cl ult-adjust-bottom-margin  \" >\n\t \t\t\t<span class=\"  ult_crlink\" >\n\t\t\t\t\t<a  data-ultimate-target='#creative-link-wrap-8452 .ult_colorlink'  data-responsive-json-new='{\"font-size\":\"\",\"line-height\":\"\"}'  href=\"https:\/\/www.jorgearribas.com\/wp-content\/uploads\/2025\/09\/jorge-arribas-dossier-cv.pdf\" target=\"_blank\" rel=\"noopener\"  class=\"ult_colorlink ult-responsive \" style=\"font-weight:normal; \"  data-textcolor=\"#ffffff\" data-texthover=\"#333333\"data-style=\"\">\n\t\t\t\t\t\t\n\t\t\t\t\t\t<span data-hover=\"CURRICULUM JORGE ARRIBAS (PDF)\" style=\"color:#ffffff;;;\" class=\"ult_btn10_span   \">CURRICULUM JORGE ARRIBAS (PDF)<\/span>\n\t\t\t\t\t\t\n\t\t\t\t\t<\/a>\n\t\t\t\t<\/span>\n\t\t\t<\/span><div class=\"ult-spacer spacer-69d3da40847fc\" data-id=\"69d3da40847fc\" data-height=\"150\" data-height-mobile=\"150\" data-height-tab=\"150\" data-height-tab-portrait=\"\" data-height-mobile-landscape=\"\" style=\"clear:both;display:block;\"><\/div>[\/vc_column][vc_column width=&#8221;1\/6&#8243;][\/vc_column][\/vc_row][\/vc_section]\n","protected":false},"excerpt":{"rendered":"<p>[vc_section ct_section_stretch=&#8221;stretch_section_content_no_spaces&#8221; ct_bg_image=&#8221;9265&#8243; ct_bg_repeat=&#8221;no-repeat&#8221; ct_bg_size=&#8221;cover&#8221; ct_bg_position=&#8221;center center&#8221;][vc_row ct_row_stretch=&#8221;&#8221;][vc_column][\/vc_column][\/vc_row][vc_row ct_row_stretch=&#8221;&#8221;][vc_column width=&#8221;1\/4&#8243;][\/vc_column][vc_column width=&#8221;1\/2&#8243;][vc_custom_heading text=&#8221;PROJECTS&#8221; font_container=&#8221;tag:h1|font_size:48|text_align:center|color:%23ffffff&#8221; google_fonts=&#8221;font_family:Lato%3A100%2C100italic%2C300%2C300italic%2Cregular%2Citalic%2C700%2C700italic%2C900%2C900italic|font_style:100%20light%20regular%3A100%3Anormal&#8221;][\/vc_column][vc_column width=&#8221;1\/4&#8243;][\/vc_column][\/vc_row][vc_row ct_row_stretch=&#8221;&#8221; bg_type=&#8221;bg_color&#8221;][vc_column][\/vc_column][\/vc_row][vc_row ct_row_stretch=&#8221;&#8221; ct_bg_color=&#8221;rgba(59,54,113,0.7)&#8221;][vc_column width=&#8221;1\/6&#8243;][vc_row_inner][vc_column_inner][\/vc_column_inner][\/vc_row_inner][\/vc_column][vc_column width=&#8221;2\/3&#8243;][vc_column_text] Concierto a s\u00f3lo: &#8220;Soplando leng\u00fcetas&#8221;. Jorge Arribas: Acorde\u00f3n, tabor &#8230;<\/p>\n","protected":false},"author":1,"featured_media":0,"parent":0,"menu_order":0,"comment_status":"closed","ping_status":"closed","template":"","meta":{"footnotes":""},"class_list":["post-9759","page","type-page","status-publish","hentry"],"yoast_head":"<!-- This site is optimized with the Yoast SEO plugin v26.0 - https:\/\/yoast.com\/wordpress\/plugins\/seo\/ -->\n<title>Masterclass y conciertos a s\u00f3lo - Jorge Arribas<\/title>\n<meta name=\"robots\" content=\"index, follow, max-snippet:-1, max-image-preview:large, max-video-preview:-1\" \/>\n<link rel=\"canonical\" href=\"https:\/\/www.jorgearribas.com\/en\/masterclass-y-conciertos-a-solo\/\" \/>\n<meta property=\"og:locale\" content=\"en_US\" \/>\n<meta property=\"og:type\" content=\"article\" \/>\n<meta property=\"og:title\" content=\"Masterclass y conciertos a s\u00f3lo - Jorge Arribas\" \/>\n<meta property=\"og:description\" content=\"[vc_section ct_section_stretch=&#8221;stretch_section_content_no_spaces&#8221; ct_bg_image=&#8221;9265&#8243; ct_bg_repeat=&#8221;no-repeat&#8221; ct_bg_size=&#8221;cover&#8221; ct_bg_position=&#8221;center center&#8221;][vc_row ct_row_stretch=&#8221;&#8221;][vc_column][\/vc_column][\/vc_row][vc_row ct_row_stretch=&#8221;&#8221;][vc_column width=&#8221;1\/4&#8243;][\/vc_column][vc_column width=&#8221;1\/2&#8243;][vc_custom_heading text=&#8221;PROJECTS&#8221; font_container=&#8221;tag:h1|font_size:48|text_align:center|color:%23ffffff&#8221; google_fonts=&#8221;font_family:Lato%3A100%2C100italic%2C300%2C300italic%2Cregular%2Citalic%2C700%2C700italic%2C900%2C900italic|font_style:100%20light%20regular%3A100%3Anormal&#8221;][\/vc_column][vc_column width=&#8221;1\/4&#8243;][\/vc_column][\/vc_row][vc_row ct_row_stretch=&#8221;&#8221; bg_type=&#8221;bg_color&#8221;][vc_column][\/vc_column][\/vc_row][vc_row ct_row_stretch=&#8221;&#8221; ct_bg_color=&#8221;rgba(59,54,113,0.7)&#8221;][vc_column width=&#8221;1\/6&#8243;][vc_row_inner][vc_column_inner][\/vc_column_inner][\/vc_row_inner][\/vc_column][vc_column width=&#8221;2\/3&#8243;][vc_column_text] Concierto a s\u00f3lo: &#8220;Soplando leng\u00fcetas&#8221;. Jorge Arribas: Acorde\u00f3n, tabor ...\" \/>\n<meta property=\"og:url\" content=\"https:\/\/www.jorgearribas.com\/en\/masterclass-y-conciertos-a-solo\/\" \/>\n<meta property=\"og:site_name\" content=\"Jorge Arribas\" \/>\n<meta property=\"article:modified_time\" content=\"2025-12-03T12:37:54+00:00\" \/>\n<meta name=\"twitter:card\" content=\"summary_large_image\" \/>\n<meta name=\"twitter:label1\" content=\"Est. reading time\" \/>\n\t<meta name=\"twitter:data1\" content=\"2 minutes\" \/>\n<script type=\"application\/ld+json\" class=\"yoast-schema-graph\">{\"@context\":\"https:\/\/schema.org\",\"@graph\":[{\"@type\":\"WebPage\",\"@id\":\"https:\/\/www.jorgearribas.com\/en\/masterclass-y-conciertos-a-solo\/\",\"url\":\"https:\/\/www.jorgearribas.com\/en\/masterclass-y-conciertos-a-solo\/\",\"name\":\"Masterclass y conciertos a s\u00f3lo - Jorge Arribas\",\"isPartOf\":{\"@id\":\"https:\/\/www.jorgearribas.com\/#website\"},\"datePublished\":\"2025-09-02T09:49:55+00:00\",\"dateModified\":\"2025-12-03T12:37:54+00:00\",\"breadcrumb\":{\"@id\":\"https:\/\/www.jorgearribas.com\/en\/masterclass-y-conciertos-a-solo\/#breadcrumb\"},\"inLanguage\":\"en-US\",\"potentialAction\":[{\"@type\":\"ReadAction\",\"target\":[\"https:\/\/www.jorgearribas.com\/en\/masterclass-y-conciertos-a-solo\/\"]}]},{\"@type\":\"BreadcrumbList\",\"@id\":\"https:\/\/www.jorgearribas.com\/en\/masterclass-y-conciertos-a-solo\/#breadcrumb\",\"itemListElement\":[{\"@type\":\"ListItem\",\"position\":1,\"name\":\"Portada\",\"item\":\"https:\/\/www.jorgearribas.com\/en\/\"},{\"@type\":\"ListItem\",\"position\":2,\"name\":\"Masterclass y conciertos a s\u00f3lo\"}]},{\"@type\":\"WebSite\",\"@id\":\"https:\/\/www.jorgearribas.com\/#website\",\"url\":\"https:\/\/www.jorgearribas.com\/\",\"name\":\"Jorge Arribas\",\"description\":\"\",\"publisher\":{\"@id\":\"https:\/\/www.jorgearribas.com\/#\/schema\/person\/8d26566f584217c3cbf9d8b5f972ca04\"},\"potentialAction\":[{\"@type\":\"SearchAction\",\"target\":{\"@type\":\"EntryPoint\",\"urlTemplate\":\"https:\/\/www.jorgearribas.com\/?s={search_term_string}\"},\"query-input\":{\"@type\":\"PropertyValueSpecification\",\"valueRequired\":true,\"valueName\":\"search_term_string\"}}],\"inLanguage\":\"en-US\"},{\"@type\":[\"Person\",\"Organization\"],\"@id\":\"https:\/\/www.jorgearribas.com\/#\/schema\/person\/8d26566f584217c3cbf9d8b5f972ca04\",\"name\":\"Jorge Arribas\",\"image\":{\"@type\":\"ImageObject\",\"inLanguage\":\"en-US\",\"@id\":\"https:\/\/www.jorgearribas.com\/#\/schema\/person\/image\/\",\"url\":\"https:\/\/www.jorgearribas.com\/wp-content\/uploads\/2025\/08\/logo.png\",\"contentUrl\":\"https:\/\/www.jorgearribas.com\/wp-content\/uploads\/2025\/08\/logo.png\",\"width\":1330,\"height\":658,\"caption\":\"Jorge Arribas\"},\"logo\":{\"@id\":\"https:\/\/www.jorgearribas.com\/#\/schema\/person\/image\/\"}}]}<\/script>\n<!-- \/ Yoast SEO plugin. -->","yoast_head_json":{"title":"Masterclass y conciertos a s\u00f3lo - Jorge Arribas","robots":{"index":"index","follow":"follow","max-snippet":"max-snippet:-1","max-image-preview":"max-image-preview:large","max-video-preview":"max-video-preview:-1"},"canonical":"https:\/\/www.jorgearribas.com\/en\/masterclass-y-conciertos-a-solo\/","og_locale":"en_US","og_type":"article","og_title":"Masterclass y conciertos a s\u00f3lo - Jorge Arribas","og_description":"[vc_section ct_section_stretch=&#8221;stretch_section_content_no_spaces&#8221; ct_bg_image=&#8221;9265&#8243; ct_bg_repeat=&#8221;no-repeat&#8221; ct_bg_size=&#8221;cover&#8221; ct_bg_position=&#8221;center center&#8221;][vc_row ct_row_stretch=&#8221;&#8221;][vc_column][\/vc_column][\/vc_row][vc_row ct_row_stretch=&#8221;&#8221;][vc_column width=&#8221;1\/4&#8243;][\/vc_column][vc_column width=&#8221;1\/2&#8243;][vc_custom_heading text=&#8221;PROJECTS&#8221; font_container=&#8221;tag:h1|font_size:48|text_align:center|color:%23ffffff&#8221; google_fonts=&#8221;font_family:Lato%3A100%2C100italic%2C300%2C300italic%2Cregular%2Citalic%2C700%2C700italic%2C900%2C900italic|font_style:100%20light%20regular%3A100%3Anormal&#8221;][\/vc_column][vc_column width=&#8221;1\/4&#8243;][\/vc_column][\/vc_row][vc_row ct_row_stretch=&#8221;&#8221; bg_type=&#8221;bg_color&#8221;][vc_column][\/vc_column][\/vc_row][vc_row ct_row_stretch=&#8221;&#8221; ct_bg_color=&#8221;rgba(59,54,113,0.7)&#8221;][vc_column width=&#8221;1\/6&#8243;][vc_row_inner][vc_column_inner][\/vc_column_inner][\/vc_row_inner][\/vc_column][vc_column width=&#8221;2\/3&#8243;][vc_column_text] Concierto a s\u00f3lo: &#8220;Soplando leng\u00fcetas&#8221;. Jorge Arribas: Acorde\u00f3n, tabor ...","og_url":"https:\/\/www.jorgearribas.com\/en\/masterclass-y-conciertos-a-solo\/","og_site_name":"Jorge Arribas","article_modified_time":"2025-12-03T12:37:54+00:00","twitter_card":"summary_large_image","twitter_misc":{"Est. reading time":"2 minutes"},"schema":{"@context":"https:\/\/schema.org","@graph":[{"@type":"WebPage","@id":"https:\/\/www.jorgearribas.com\/en\/masterclass-y-conciertos-a-solo\/","url":"https:\/\/www.jorgearribas.com\/en\/masterclass-y-conciertos-a-solo\/","name":"Masterclass y conciertos a s\u00f3lo - Jorge Arribas","isPartOf":{"@id":"https:\/\/www.jorgearribas.com\/#website"},"datePublished":"2025-09-02T09:49:55+00:00","dateModified":"2025-12-03T12:37:54+00:00","breadcrumb":{"@id":"https:\/\/www.jorgearribas.com\/en\/masterclass-y-conciertos-a-solo\/#breadcrumb"},"inLanguage":"en-US","potentialAction":[{"@type":"ReadAction","target":["https:\/\/www.jorgearribas.com\/en\/masterclass-y-conciertos-a-solo\/"]}]},{"@type":"BreadcrumbList","@id":"https:\/\/www.jorgearribas.com\/en\/masterclass-y-conciertos-a-solo\/#breadcrumb","itemListElement":[{"@type":"ListItem","position":1,"name":"Portada","item":"https:\/\/www.jorgearribas.com\/en\/"},{"@type":"ListItem","position":2,"name":"Masterclass y conciertos a s\u00f3lo"}]},{"@type":"WebSite","@id":"https:\/\/www.jorgearribas.com\/#website","url":"https:\/\/www.jorgearribas.com\/","name":"Jorge Arribas","description":"","publisher":{"@id":"https:\/\/www.jorgearribas.com\/#\/schema\/person\/8d26566f584217c3cbf9d8b5f972ca04"},"potentialAction":[{"@type":"SearchAction","target":{"@type":"EntryPoint","urlTemplate":"https:\/\/www.jorgearribas.com\/?s={search_term_string}"},"query-input":{"@type":"PropertyValueSpecification","valueRequired":true,"valueName":"search_term_string"}}],"inLanguage":"en-US"},{"@type":["Person","Organization"],"@id":"https:\/\/www.jorgearribas.com\/#\/schema\/person\/8d26566f584217c3cbf9d8b5f972ca04","name":"Jorge Arribas","image":{"@type":"ImageObject","inLanguage":"en-US","@id":"https:\/\/www.jorgearribas.com\/#\/schema\/person\/image\/","url":"https:\/\/www.jorgearribas.com\/wp-content\/uploads\/2025\/08\/logo.png","contentUrl":"https:\/\/www.jorgearribas.com\/wp-content\/uploads\/2025\/08\/logo.png","width":1330,"height":658,"caption":"Jorge Arribas"},"logo":{"@id":"https:\/\/www.jorgearribas.com\/#\/schema\/person\/image\/"}}]}},"_links":{"self":[{"href":"https:\/\/www.jorgearribas.com\/en\/wp-json\/wp\/v2\/pages\/9759","targetHints":{"allow":["GET"]}}],"collection":[{"href":"https:\/\/www.jorgearribas.com\/en\/wp-json\/wp\/v2\/pages"}],"about":[{"href":"https:\/\/www.jorgearribas.com\/en\/wp-json\/wp\/v2\/types\/page"}],"author":[{"embeddable":true,"href":"https:\/\/www.jorgearribas.com\/en\/wp-json\/wp\/v2\/users\/1"}],"replies":[{"embeddable":true,"href":"https:\/\/www.jorgearribas.com\/en\/wp-json\/wp\/v2\/comments?post=9759"}],"version-history":[{"count":3,"href":"https:\/\/www.jorgearribas.com\/en\/wp-json\/wp\/v2\/pages\/9759\/revisions"}],"predecessor-version":[{"id":10099,"href":"https:\/\/www.jorgearribas.com\/en\/wp-json\/wp\/v2\/pages\/9759\/revisions\/10099"}],"wp:attachment":[{"href":"https:\/\/www.jorgearribas.com\/en\/wp-json\/wp\/v2\/media?parent=9759"}],"curies":[{"name":"wp","href":"https:\/\/api.w.org\/{rel}","templated":true}]}}