{"id":9769,"date":"2025-08-27T12:43:09","date_gmt":"2025-08-27T10:43:09","guid":{"rendered":"https:\/\/www.jorgearribas.com\/politica-de-privacidad\/"},"modified":"2025-12-03T13:41:12","modified_gmt":"2025-12-03T12:41:12","slug":"politica-de-privacidad","status":"publish","type":"page","link":"https:\/\/www.jorgearribas.com\/en\/politica-de-privacidad\/","title":{"rendered":"Pol\u00edtica de privacidad"},"content":{"rendered":"[vc_section ct_section_stretch=&#8221;stretch_section_content_no_spaces&#8221; ct_bg_image=&#8221;9265&#8243; ct_bg_repeat=&#8221;no-repeat&#8221; ct_bg_size=&#8221;cover&#8221; ct_bg_position=&#8221;center center&#8221;][vc_row ct_row_stretch=&#8221;&#8221;][vc_column]<div class=\"ult-spacer spacer-69d3f10eb98a9\" data-id=\"69d3f10eb98a9\" data-height=\"150\" data-height-mobile=\"150\" data-height-tab=\"150\" data-height-tab-portrait=\"\" data-height-mobile-landscape=\"\" style=\"clear:both;display:block;\"><\/div>[\/vc_column][\/vc_row][vc_row ct_row_stretch=&#8221;&#8221;][vc_column width=&#8221;1\/4&#8243;][\/vc_column][vc_column width=&#8221;1\/2&#8243;][vc_custom_heading text=&#8221;POLICY OF PRIVACY&#8221; font_container=&#8221;tag:h1|font_size:48|text_align:center|color:%23ffffff&#8221; google_fonts=&#8221;font_family:Lato%3A100%2C100italic%2C300%2C300italic%2Cregular%2Citalic%2C700%2C700italic%2C900%2C900italic|font_style:100%20light%20regular%3A100%3Anormal&#8221;][\/vc_column][vc_column width=&#8221;1\/4&#8243;][\/vc_column][\/vc_row][vc_row ct_row_stretch=&#8221;&#8221; bg_type=&#8221;bg_color&#8221;][vc_column]<div class=\"ult-spacer spacer-69d3f10eb990c\" data-id=\"69d3f10eb990c\" data-height=\"150\" data-height-mobile=\"150\" data-height-tab=\"150\" data-height-tab-portrait=\"\" data-height-mobile-landscape=\"\" style=\"clear:both;display:block;\"><\/div>[\/vc_column][\/vc_row][vc_row ct_row_stretch=&#8221;&#8221; ct_bg_color=&#8221;rgba(59,54,113,0.7)&#8221;][vc_column width=&#8221;1\/6&#8243;][\/vc_column][vc_column width=&#8221;2\/3&#8243;]<div class=\"ult-spacer spacer-69d3f10eb9953\" data-id=\"69d3f10eb9953\" data-height=\"150\" data-height-mobile=\"150\" data-height-tab=\"150\" data-height-tab-portrait=\"\" data-height-mobile-landscape=\"\" style=\"clear:both;display:block;\"><\/div>[vc_column_text]\n<div class=\"wpb_text_column wpb_content_element \">\n<div class=\"wpb_wrapper\">\n<p><span style=\"color: #ffffff;\"><strong>POL\u00cdTICA DE PROTECCI\u00d3N DE DATOS<\/strong><\/span><\/p>\n<p><span style=\"color: #ffffff;\">En cumplimiento de la normativa vigente en materia de protecci\u00f3n de datos, Reglamento (UE) 2016\/679 del Parlamento Europeo y del Consejo de 27 de abril de 2016 (GDPR), Ley Org\u00e1nica de Protecci\u00f3n de Datos personales y garant\u00eda de los derechos digitales de 6 de diciembre (LOPDGDD, 3\/2018), se establece la siguiente informaci\u00f3n:<\/span><\/p>\n<p><span style=\"color: #ffffff;\"><strong>RESPONSABLE DEL TRATAMIENTO DE DATOS<\/strong><\/span><\/p>\n<p><span style=\"color: #ffffff;\">JORGE ARRIBAS con NIF: XXXXXXX informa al usuario de que es titular de ficheros de datos de car\u00e1cter personal inscritos en el R.G.P.D. (Registro General de Protecci\u00f3n de Datos) en los que sus datos quedan incorporados y son tratados con el fin de prestarle los servicios solicitados y enviarle la informaci\u00f3n acerca de nuestra empresa que pueda ser de su inter\u00e9s.<\/span><\/p>\n<p><span style=\"color: #ffffff;\">Nombre o denominaci\u00f3n social:<strong> JORGE ARRIBAS<\/strong><\/span><br \/>\n<span style=\"color: #ffffff;\">Datos de contacto: <strong>XXXXXXXXXXXXXXXX<\/strong><\/span><br \/>\n<span style=\"color: #ffffff;\">CIF: XXXXXXXXXXXXXXXX<\/span><br \/>\n<span style=\"color: #ffffff;\">Mail: xxxxxxxxxxxxxxxxxxxxxxx<\/span><\/p>\n<p><span style=\"color: #ffffff;\"><strong>INFORMACI\u00d3N RECOPILADA Y TRATADA DEL USUARIO A TRAV\u00c9S DE LA P\u00c1GINA WEB<\/strong><\/span><\/p>\n<ul>\n<li><span style=\"color: #ffffff;\"><strong><em>A trav\u00e9s del formulario de contacto:<\/em><\/strong><\/span><\/li>\n<\/ul>\n<p><span style=\"color: #ffffff;\">En nuestra p\u00e1gina web encontrar\u00e1s la opci\u00f3n de escribirnos para aclarar todas las dudas que tengas en relaci\u00f3n con el funcionamiento de nuestros servicios o cualquier otra cosa que necesites. Para contestar, te contactaremos a trav\u00e9s del correo electr\u00f3nico o n\u00famero de tel\u00e9fono, si nos lo hubieras indicado.<\/span><\/p>\n<ul>\n<li><span style=\"color: #ffffff;\"><strong><em>A trav\u00e9s de nuestro email corporativo:<\/em><\/strong><\/span><\/li>\n<\/ul>\n<p><span style=\"color: #ffffff;\">A trav\u00e9s de nuestro email: xxxxxxxxxxxxxxxxx podr\u00e1s escribirnos y\/o requerir la informaci\u00f3n que consideres necesaria para aclarar las dudas relacionadas con nuestros servicios.<\/span><\/p>\n<p><span style=\"color: #ffffff;\"><strong>FINALIDAD TRATAMIENTO DE LOS DATOS PERSONALES DEL USUARIO<\/strong><\/span><\/p>\n<p><span style=\"color: #ffffff;\">JORGE ARRIBAS realiza un tratamiento de datos personales con las finalidades que se exponen a continuaci\u00f3n, en funci\u00f3n del motivo para el que hayan sido facilitados:<\/span><\/p>\n<ul>\n<li><span style=\"color: #ffffff;\">Llevar a cabo la prestaci\u00f3n de los servicios contratados, el mantenimiento de la relaci\u00f3n contractual y el seguimiento de la misma.<\/span><\/li>\n<li><span style=\"color: #ffffff;\">Contactar, tramitar, gestionar y dar respuesta a la petici\u00f3n, solicitud, incidencia o consulta del usuario (ya sea a trav\u00e9s de correo electr\u00f3nico, formulario de contacto o tel\u00e9fono).<\/span><\/li>\n<li><span style=\"color: #ffffff;\">Gestionar, en su caso, el env\u00edo de comunicaciones comerciales sobre productos y servicios comercializados por JORGE ARRIBAS por medios electr\u00f3nicos y\/o convencionales.<\/span><\/li>\n<\/ul>\n<p><span style=\"color: #ffffff;\"><strong>LEGITIMACI\u00d3N DEL TRATAMIENTO DE LOS DATOS DEL USUARIO<\/strong><\/span><\/p>\n<p><span style=\"color: #ffffff;\">La base legal para el tratamiento de sus datos personales para las finalidades expuestas en el apartado anterior, es la ejecuci\u00f3n de la prestaci\u00f3n del servicio correspondiente, y es una obligaci\u00f3n imperativa para ello, o bien, es el consentimiento que otorga el usuario de forma expresa.<\/span><\/p>\n<p><span style=\"color: #ffffff;\"><strong>TIEMPO DE TRATAMIENTO DE LOS DATOS PERSONALES DEL USUARIO<\/strong><\/span><\/p>\n<ul>\n<li><span style=\"color: #ffffff;\">Los datos para la gesti\u00f3n de la relaci\u00f3n con el cliente y la facturaci\u00f3n y cobro de los servicios ser\u00e1n conservados durante el tiempo exigido por la legislaci\u00f3n aplicable y hasta que prescriban las eventuales responsabilidades.<\/span><\/li>\n<li><span style=\"color: #ffffff;\">Los datos para la gesti\u00f3n de consultas y solicitudes se conservar\u00e1n durante el tiempo necesario para dar respuesta a los mismos, y en su caso, mientras el interesado no solicite la retirada de su consentimiento para enviarle informaci\u00f3n relacionada con su consulta.<\/span><\/li>\n<li><span style=\"color: #ffffff;\">Los datos para el env\u00edo de comunicaciones comerciales y elaboraci\u00f3n de perfiles comerciales de nuestros productos o servicios ser\u00e1n conservados mientras el usuario no revoque su consentimiento.<\/span><\/li>\n<\/ul>\n<p><span style=\"color: #ffffff;\"><strong>COMUNICACI\u00d3N DE DATOS A TERCEROS<\/strong><\/span><\/p>\n<p><span style=\"color: #ffffff;\">Como regla general, sus datos no ser\u00e1n cedidos a terceros salvo que existe una obligaci\u00f3n legal o sea necesario para llevar a cabo la prestaci\u00f3n del servicio. Teniendo en cuenta lo siguiente:<\/span><\/p>\n<ul>\n<li><span style=\"color: #ffffff;\">Los datos personales del usuario podr\u00edan ser comunicados a las entidades financieras a trav\u00e9s de las que se articule la gesti\u00f3n de cobros y pagos.<\/span><\/li>\n<li><span style=\"color: #ffffff;\">Tambi\u00e9n podr\u00edan ser comunicados a las Administraciones P\u00fablicas competentes en los casos previstos por la Ley.<\/span><\/li>\n<li><span style=\"color: #ffffff;\">En su caso, tambi\u00e9n ser\u00e1n comunicados a los Encargados del Tratamiento de JORGE ARRIBAS, para la correcta prestaci\u00f3n del servicio<\/span><\/li>\n<\/ul>\n<p><span style=\"color: #ffffff;\"><strong>EJERCICIO DE DERECHOS DE ACCESO, RECTIFICACI\u00d3N, CANCELACI\u00d3N Y OPOSICI\u00d3N<\/strong><\/span><\/p>\n<p><span style=\"color: #ffffff;\">Podr\u00e1 dirigir sus comunicaciones y ejercitar los derechos de acceso, rectificaci\u00f3n, cancelaci\u00f3n y oposici\u00f3n a trav\u00e9s de correo postal en: JORGE ARRIBAS, XXXXXXXXXXXXXXXXXXXXX, o al correo electr\u00f3nico: XXXXXXXXXX junto con prueba v\u00e1lida en derecho, como fotocopia del D.N.I. e indicando en el asunto \u00abPROTECCI\u00d3N DE DATOS\u00bb.<\/span><\/p>\n<p><span style=\"color: #ffffff;\"><strong>ACEPTACI\u00d3N Y CONSENTIMIENTO<\/strong><\/span><\/p>\n<p><span style=\"color: #ffffff;\">El usuario declara haber sido informado de las condiciones sobre protecci\u00f3n de datos de car\u00e1cter personal, aceptando y consintiendo el tratamiento de los mismos por parte de JORGE ARRIBAS en la forma y para las finalidades indicadas en la presente Pol\u00edtica de Protecci\u00f3n de Datos.<\/span><\/p>\n<p><span style=\"color: #ffffff;\"><strong>CAMBIOS EN LA PRESENTE POL\u00cdTICA DE PRIVACIDAD<\/strong><\/span><\/p>\n<p><span style=\"color: #ffffff;\">JORGE ARRIBAS se reserva el derecho a modificar la presente pol\u00edtica para adaptarla a novedades legislativas o jurisprudenciales as\u00ed como a pr\u00e1cticas de la industria. En dichos supuestos, JORGE ARRIBAS anunciar\u00e1 en esta p\u00e1gina los cambios introducidos con razonable antelaci\u00f3n a su puesta en pr\u00e1ctica.<\/span><\/p>\n<\/div>\n<\/div>\n[\/vc_column_text]<div class=\"ult-spacer spacer-69d3f10eb998a\" data-id=\"69d3f10eb998a\" data-height=\"150\" data-height-mobile=\"150\" data-height-tab=\"150\" data-height-tab-portrait=\"\" data-height-mobile-landscape=\"\" style=\"clear:both;display:block;\"><\/div>[\/vc_column][vc_column width=&#8221;1\/6&#8243;][\/vc_column][\/vc_row][\/vc_section]\n","protected":false},"excerpt":{"rendered":"<p>[vc_section ct_section_stretch=&#8221;stretch_section_content_no_spaces&#8221; ct_bg_image=&#8221;9265&#8243; ct_bg_repeat=&#8221;no-repeat&#8221; ct_bg_size=&#8221;cover&#8221; ct_bg_position=&#8221;center center&#8221;][vc_row ct_row_stretch=&#8221;&#8221;][vc_column][\/vc_column][\/vc_row][vc_row ct_row_stretch=&#8221;&#8221;][vc_column width=&#8221;1\/4&#8243;][\/vc_column][vc_column width=&#8221;1\/2&#8243;][vc_custom_heading text=&#8221;POLICY OF PRIVACY&#8221; font_container=&#8221;tag:h1|font_size:48|text_align:center|color:%23ffffff&#8221; google_fonts=&#8221;font_family:Lato%3A100%2C100italic%2C300%2C300italic%2Cregular%2Citalic%2C700%2C700italic%2C900%2C900italic|font_style:100%20light%20regular%3A100%3Anormal&#8221;][\/vc_column][vc_column width=&#8221;1\/4&#8243;][\/vc_column][\/vc_row][vc_row ct_row_stretch=&#8221;&#8221; bg_type=&#8221;bg_color&#8221;][vc_column][\/vc_column][\/vc_row][vc_row ct_row_stretch=&#8221;&#8221; ct_bg_color=&#8221;rgba(59,54,113,0.7)&#8221;][vc_column width=&#8221;1\/6&#8243;][\/vc_column][vc_column width=&#8221;2\/3&#8243;][vc_column_text] POL\u00cdTICA DE PROTECCI\u00d3N DE DATOS En cumplimiento &#8230;<\/p>\n","protected":false},"author":1,"featured_media":0,"parent":0,"menu_order":0,"comment_status":"closed","ping_status":"closed","template":"","meta":{"footnotes":""},"class_list":["post-9769","page","type-page","status-publish","hentry"],"yoast_head":"<!-- This site is optimized with the Yoast SEO plugin v26.0 - https:\/\/yoast.com\/wordpress\/plugins\/seo\/ -->\n<title>Pol\u00edtica de privacidad - Jorge Arribas<\/title>\n<meta name=\"robots\" content=\"index, follow, max-snippet:-1, max-image-preview:large, max-video-preview:-1\" \/>\n<link rel=\"canonical\" href=\"https:\/\/www.jorgearribas.com\/en\/politica-de-privacidad\/\" \/>\n<meta property=\"og:locale\" content=\"en_US\" \/>\n<meta property=\"og:type\" content=\"article\" \/>\n<meta property=\"og:title\" content=\"Pol\u00edtica de privacidad - Jorge Arribas\" \/>\n<meta property=\"og:description\" content=\"[vc_section ct_section_stretch=&#8221;stretch_section_content_no_spaces&#8221; ct_bg_image=&#8221;9265&#8243; ct_bg_repeat=&#8221;no-repeat&#8221; ct_bg_size=&#8221;cover&#8221; ct_bg_position=&#8221;center center&#8221;][vc_row ct_row_stretch=&#8221;&#8221;][vc_column][\/vc_column][\/vc_row][vc_row ct_row_stretch=&#8221;&#8221;][vc_column width=&#8221;1\/4&#8243;][\/vc_column][vc_column width=&#8221;1\/2&#8243;][vc_custom_heading text=&#8221;POLICY OF PRIVACY&#8221; font_container=&#8221;tag:h1|font_size:48|text_align:center|color:%23ffffff&#8221; google_fonts=&#8221;font_family:Lato%3A100%2C100italic%2C300%2C300italic%2Cregular%2Citalic%2C700%2C700italic%2C900%2C900italic|font_style:100%20light%20regular%3A100%3Anormal&#8221;][\/vc_column][vc_column width=&#8221;1\/4&#8243;][\/vc_column][\/vc_row][vc_row ct_row_stretch=&#8221;&#8221; bg_type=&#8221;bg_color&#8221;][vc_column][\/vc_column][\/vc_row][vc_row ct_row_stretch=&#8221;&#8221; ct_bg_color=&#8221;rgba(59,54,113,0.7)&#8221;][vc_column width=&#8221;1\/6&#8243;][\/vc_column][vc_column width=&#8221;2\/3&#8243;][vc_column_text] POL\u00cdTICA DE PROTECCI\u00d3N DE DATOS En cumplimiento ...\" \/>\n<meta property=\"og:url\" content=\"https:\/\/www.jorgearribas.com\/en\/politica-de-privacidad\/\" \/>\n<meta property=\"og:site_name\" content=\"Jorge Arribas\" \/>\n<meta property=\"article:modified_time\" content=\"2025-12-03T12:41:12+00:00\" \/>\n<meta name=\"twitter:card\" content=\"summary_large_image\" \/>\n<meta name=\"twitter:label1\" content=\"Est. reading time\" \/>\n\t<meta name=\"twitter:data1\" content=\"4 minutes\" \/>\n<script type=\"application\/ld+json\" class=\"yoast-schema-graph\">{\"@context\":\"https:\/\/schema.org\",\"@graph\":[{\"@type\":\"WebPage\",\"@id\":\"https:\/\/www.jorgearribas.com\/en\/politica-de-privacidad\/\",\"url\":\"https:\/\/www.jorgearribas.com\/en\/politica-de-privacidad\/\",\"name\":\"Pol\u00edtica de privacidad - Jorge Arribas\",\"isPartOf\":{\"@id\":\"https:\/\/www.jorgearribas.com\/#website\"},\"datePublished\":\"2025-08-27T10:43:09+00:00\",\"dateModified\":\"2025-12-03T12:41:12+00:00\",\"breadcrumb\":{\"@id\":\"https:\/\/www.jorgearribas.com\/en\/politica-de-privacidad\/#breadcrumb\"},\"inLanguage\":\"en-US\",\"potentialAction\":[{\"@type\":\"ReadAction\",\"target\":[\"https:\/\/www.jorgearribas.com\/en\/politica-de-privacidad\/\"]}]},{\"@type\":\"BreadcrumbList\",\"@id\":\"https:\/\/www.jorgearribas.com\/en\/politica-de-privacidad\/#breadcrumb\",\"itemListElement\":[{\"@type\":\"ListItem\",\"position\":1,\"name\":\"Portada\",\"item\":\"https:\/\/www.jorgearribas.com\/en\/\"},{\"@type\":\"ListItem\",\"position\":2,\"name\":\"Pol\u00edtica de privacidad\"}]},{\"@type\":\"WebSite\",\"@id\":\"https:\/\/www.jorgearribas.com\/#website\",\"url\":\"https:\/\/www.jorgearribas.com\/\",\"name\":\"Jorge Arribas\",\"description\":\"\",\"publisher\":{\"@id\":\"https:\/\/www.jorgearribas.com\/#\/schema\/person\/8d26566f584217c3cbf9d8b5f972ca04\"},\"potentialAction\":[{\"@type\":\"SearchAction\",\"target\":{\"@type\":\"EntryPoint\",\"urlTemplate\":\"https:\/\/www.jorgearribas.com\/?s={search_term_string}\"},\"query-input\":{\"@type\":\"PropertyValueSpecification\",\"valueRequired\":true,\"valueName\":\"search_term_string\"}}],\"inLanguage\":\"en-US\"},{\"@type\":[\"Person\",\"Organization\"],\"@id\":\"https:\/\/www.jorgearribas.com\/#\/schema\/person\/8d26566f584217c3cbf9d8b5f972ca04\",\"name\":\"Jorge Arribas\",\"image\":{\"@type\":\"ImageObject\",\"inLanguage\":\"en-US\",\"@id\":\"https:\/\/www.jorgearribas.com\/#\/schema\/person\/image\/\",\"url\":\"https:\/\/www.jorgearribas.com\/wp-content\/uploads\/2025\/08\/logo.png\",\"contentUrl\":\"https:\/\/www.jorgearribas.com\/wp-content\/uploads\/2025\/08\/logo.png\",\"width\":1330,\"height\":658,\"caption\":\"Jorge Arribas\"},\"logo\":{\"@id\":\"https:\/\/www.jorgearribas.com\/#\/schema\/person\/image\/\"}}]}<\/script>\n<!-- \/ Yoast SEO plugin. -->","yoast_head_json":{"title":"Pol\u00edtica de privacidad - Jorge Arribas","robots":{"index":"index","follow":"follow","max-snippet":"max-snippet:-1","max-image-preview":"max-image-preview:large","max-video-preview":"max-video-preview:-1"},"canonical":"https:\/\/www.jorgearribas.com\/en\/politica-de-privacidad\/","og_locale":"en_US","og_type":"article","og_title":"Pol\u00edtica de privacidad - Jorge Arribas","og_description":"[vc_section ct_section_stretch=&#8221;stretch_section_content_no_spaces&#8221; ct_bg_image=&#8221;9265&#8243; ct_bg_repeat=&#8221;no-repeat&#8221; ct_bg_size=&#8221;cover&#8221; ct_bg_position=&#8221;center center&#8221;][vc_row ct_row_stretch=&#8221;&#8221;][vc_column][\/vc_column][\/vc_row][vc_row ct_row_stretch=&#8221;&#8221;][vc_column width=&#8221;1\/4&#8243;][\/vc_column][vc_column width=&#8221;1\/2&#8243;][vc_custom_heading text=&#8221;POLICY OF PRIVACY&#8221; font_container=&#8221;tag:h1|font_size:48|text_align:center|color:%23ffffff&#8221; google_fonts=&#8221;font_family:Lato%3A100%2C100italic%2C300%2C300italic%2Cregular%2Citalic%2C700%2C700italic%2C900%2C900italic|font_style:100%20light%20regular%3A100%3Anormal&#8221;][\/vc_column][vc_column width=&#8221;1\/4&#8243;][\/vc_column][\/vc_row][vc_row ct_row_stretch=&#8221;&#8221; bg_type=&#8221;bg_color&#8221;][vc_column][\/vc_column][\/vc_row][vc_row ct_row_stretch=&#8221;&#8221; ct_bg_color=&#8221;rgba(59,54,113,0.7)&#8221;][vc_column width=&#8221;1\/6&#8243;][\/vc_column][vc_column width=&#8221;2\/3&#8243;][vc_column_text] POL\u00cdTICA DE PROTECCI\u00d3N DE DATOS En cumplimiento ...","og_url":"https:\/\/www.jorgearribas.com\/en\/politica-de-privacidad\/","og_site_name":"Jorge Arribas","article_modified_time":"2025-12-03T12:41:12+00:00","twitter_card":"summary_large_image","twitter_misc":{"Est. reading time":"4 minutes"},"schema":{"@context":"https:\/\/schema.org","@graph":[{"@type":"WebPage","@id":"https:\/\/www.jorgearribas.com\/en\/politica-de-privacidad\/","url":"https:\/\/www.jorgearribas.com\/en\/politica-de-privacidad\/","name":"Pol\u00edtica de privacidad - Jorge Arribas","isPartOf":{"@id":"https:\/\/www.jorgearribas.com\/#website"},"datePublished":"2025-08-27T10:43:09+00:00","dateModified":"2025-12-03T12:41:12+00:00","breadcrumb":{"@id":"https:\/\/www.jorgearribas.com\/en\/politica-de-privacidad\/#breadcrumb"},"inLanguage":"en-US","potentialAction":[{"@type":"ReadAction","target":["https:\/\/www.jorgearribas.com\/en\/politica-de-privacidad\/"]}]},{"@type":"BreadcrumbList","@id":"https:\/\/www.jorgearribas.com\/en\/politica-de-privacidad\/#breadcrumb","itemListElement":[{"@type":"ListItem","position":1,"name":"Portada","item":"https:\/\/www.jorgearribas.com\/en\/"},{"@type":"ListItem","position":2,"name":"Pol\u00edtica de privacidad"}]},{"@type":"WebSite","@id":"https:\/\/www.jorgearribas.com\/#website","url":"https:\/\/www.jorgearribas.com\/","name":"Jorge Arribas","description":"","publisher":{"@id":"https:\/\/www.jorgearribas.com\/#\/schema\/person\/8d26566f584217c3cbf9d8b5f972ca04"},"potentialAction":[{"@type":"SearchAction","target":{"@type":"EntryPoint","urlTemplate":"https:\/\/www.jorgearribas.com\/?s={search_term_string}"},"query-input":{"@type":"PropertyValueSpecification","valueRequired":true,"valueName":"search_term_string"}}],"inLanguage":"en-US"},{"@type":["Person","Organization"],"@id":"https:\/\/www.jorgearribas.com\/#\/schema\/person\/8d26566f584217c3cbf9d8b5f972ca04","name":"Jorge Arribas","image":{"@type":"ImageObject","inLanguage":"en-US","@id":"https:\/\/www.jorgearribas.com\/#\/schema\/person\/image\/","url":"https:\/\/www.jorgearribas.com\/wp-content\/uploads\/2025\/08\/logo.png","contentUrl":"https:\/\/www.jorgearribas.com\/wp-content\/uploads\/2025\/08\/logo.png","width":1330,"height":658,"caption":"Jorge Arribas"},"logo":{"@id":"https:\/\/www.jorgearribas.com\/#\/schema\/person\/image\/"}}]}},"_links":{"self":[{"href":"https:\/\/www.jorgearribas.com\/en\/wp-json\/wp\/v2\/pages\/9769","targetHints":{"allow":["GET"]}}],"collection":[{"href":"https:\/\/www.jorgearribas.com\/en\/wp-json\/wp\/v2\/pages"}],"about":[{"href":"https:\/\/www.jorgearribas.com\/en\/wp-json\/wp\/v2\/types\/page"}],"author":[{"embeddable":true,"href":"https:\/\/www.jorgearribas.com\/en\/wp-json\/wp\/v2\/users\/1"}],"replies":[{"embeddable":true,"href":"https:\/\/www.jorgearribas.com\/en\/wp-json\/wp\/v2\/comments?post=9769"}],"version-history":[{"count":3,"href":"https:\/\/www.jorgearribas.com\/en\/wp-json\/wp\/v2\/pages\/9769\/revisions"}],"predecessor-version":[{"id":10105,"href":"https:\/\/www.jorgearribas.com\/en\/wp-json\/wp\/v2\/pages\/9769\/revisions\/10105"}],"wp:attachment":[{"href":"https:\/\/www.jorgearribas.com\/en\/wp-json\/wp\/v2\/media?parent=9769"}],"curies":[{"name":"wp","href":"https:\/\/api.w.org\/{rel}","templated":true}]}}